{"id":1016,"date":"2019-10-04T10:01:23","date_gmt":"2019-10-04T08:01:23","guid":{"rendered":"http:\/\/comitevolley53.fr\/?page_id=1016"},"modified":"2026-01-20T09:05:16","modified_gmt":"2026-01-20T08:05:16","slug":"correspondants-2","status":"publish","type":"page","link":"https:\/\/comitevolley53.fr\/index.php\/correspondants-2\/","title":{"rendered":"Correspondants"},"content":{"rendered":"\t\t<div data-elementor-type=\"wp-post\" data-elementor-id=\"1016\" class=\"elementor elementor-1016\">\n\t\t\t\t\t\t<section class=\"elementor-section elementor-top-section elementor-element elementor-element-5c6c108 elementor-section-boxed elementor-section-height-default elementor-section-height-default\" data-id=\"5c6c108\" data-element_type=\"section\" data-e-type=\"section\">\n\t\t\t\t\t\t<div class=\"elementor-container elementor-column-gap-default\">\n\t\t\t\t\t<div class=\"elementor-column elementor-col-100 elementor-top-column elementor-element elementor-element-92a6d90\" data-id=\"92a6d90\" data-element_type=\"column\" data-e-type=\"column\">\n\t\t\t<div class=\"elementor-widget-wrap elementor-element-populated\">\n\t\t\t\t\t\t<div class=\"elementor-element elementor-element-c071821 elementor-widget elementor-widget-text-editor\" data-id=\"c071821\" data-element_type=\"widget\" data-e-type=\"widget\" data-widget_type=\"text-editor.default\">\n\t\t\t\t<div class=\"elementor-widget-container\">\n\t\t\t\t\t\t\t\t\t<h5>\u00a0<\/h5><h4><span style=\"color: #3366ff;\"><strong><a style=\"color: #3366ff;\" href=\"http:\/\/comitevolley53.fr\/wp-content\/uploads\/2025\/09\/Presidents-de-clubs-2025-2026.pdf\" target=\"_blank\" rel=\"noopener\">Pr\u00e9sidents de Clubs 2025 \/ 2026<\/a><\/strong><\/span><\/h4><h4><span style=\"color: #3366ff;\"><strong><a style=\"color: #3366ff;\" href=\"http:\/\/comitevolley53.fr\/wp-content\/uploads\/2025\/09\/Correspondants-clubs-federaux-2025-2026.pdf\" target=\"_blank\" rel=\"noopener\">Correspondants de Clubs 2025 \/ 2026<\/a><\/strong><\/span><\/h4><h4><span style=\"color: #3366ff;\"><strong><a style=\"color: #3366ff;\" href=\"http:\/\/comitevolley53.fr\/wp-content\/uploads\/2025\/09\/Correspondants-arbitres-2025-2026.pdf\" target=\"_blank\" rel=\"noopener\">Correspondants Arbitres 2025 \/ 2026<\/a><\/strong><\/span><\/h4><h4><span style=\"color: #3366ff;\"><strong><a style=\"color: #3366ff;\" href=\"http:\/\/comitevolley53.fr\/wp-content\/uploads\/2025\/09\/Correspondants-jeunes-2025-2026.pdf\" target=\"_blank\" rel=\"noopener\">Correspondants Jeunes 2025 \/ 2026<\/a><\/strong><\/span><\/h4><h4><span style=\"color: #3366ff;\"><strong><a style=\"color: #3366ff;\" href=\"http:\/\/comitevolley53.fr\/wp-content\/uploads\/2026\/01\/Correspondants-equipes-Departementale-Feminine-2025-2026.pdf\" target=\"_blank\" rel=\"noopener\">Correspondants \u00e9quipes D\u00e9partementales F\u00e9minines 2025 \/ 2026<\/a><\/strong><\/span><\/h4><h4><span style=\"color: #3366ff;\"><strong><a style=\"color: #3366ff;\" href=\"http:\/\/comitevolley53.fr\/wp-content\/uploads\/2025\/10\/Correspondants-equipes-Departementale-Masculine-2025-2026.pdf\" target=\"_blank\" rel=\"noopener\">Correspondants \u00e9quipes D\u00e9partementales Masculines 2025 \/ 2026<\/a><\/strong><\/span><\/h4><h4><span style=\"color: #3366ff;\"><strong><a style=\"color: #3366ff;\" href=\"http:\/\/comitevolley53.fr\/wp-content\/uploads\/2025\/11\/Correspondants-equipes-Departementale-Mixte-2025-2026.pdf\" target=\"_blank\" rel=\"noopener\">Correspondants \u00e9quipes Mixtes 2025 \/ 2026<\/a><\/strong><\/span><\/h4>\t\t\t\t\t\t\t\t<\/div>\n\t\t\t\t<\/div>\n\t\t\t\t\t<\/div>\n\t\t<\/div>\n\t\t\t\t\t<\/div>\n\t\t<\/section>\n\t\t\t\t<\/div>\n\t\t","protected":false},"excerpt":{"rendered":"<p>\u00a0 Pr\u00e9sidents de Clubs 2025 \/ 2026 Correspondants de Clubs 2025 \/ 2026 Correspondants Arbitres 2025 \/ 2026 Correspondants Jeunes 2025 \/ 2026 Correspondants \u00e9quipes D\u00e9partementales F\u00e9minines 2025 \/ 2026 [&hellip;]<\/p>\n","protected":false},"author":1,"featured_media":0,"parent":0,"menu_order":0,"comment_status":"closed","ping_status":"closed","template":"","meta":{"footnotes":""},"class_list":["post-1016","page","type-page","status-publish","hentry"],"_links":{"self":[{"href":"https:\/\/comitevolley53.fr\/index.php\/wp-json\/wp\/v2\/pages\/1016","targetHints":{"allow":["GET"]}}],"collection":[{"href":"https:\/\/comitevolley53.fr\/index.php\/wp-json\/wp\/v2\/pages"}],"about":[{"href":"https:\/\/comitevolley53.fr\/index.php\/wp-json\/wp\/v2\/types\/page"}],"author":[{"embeddable":true,"href":"https:\/\/comitevolley53.fr\/index.php\/wp-json\/wp\/v2\/users\/1"}],"replies":[{"embeddable":true,"href":"https:\/\/comitevolley53.fr\/index.php\/wp-json\/wp\/v2\/comments?post=1016"}],"version-history":[{"count":77,"href":"https:\/\/comitevolley53.fr\/index.php\/wp-json\/wp\/v2\/pages\/1016\/revisions"}],"predecessor-version":[{"id":3831,"href":"https:\/\/comitevolley53.fr\/index.php\/wp-json\/wp\/v2\/pages\/1016\/revisions\/3831"}],"wp:attachment":[{"href":"https:\/\/comitevolley53.fr\/index.php\/wp-json\/wp\/v2\/media?parent=1016"}],"curies":[{"name":"wp","href":"https:\/\/api.w.org\/{rel}","templated":true}]}}