{"id":1141,"date":"2019-11-07T16:16:28","date_gmt":"2019-11-07T15:16:28","guid":{"rendered":"http:\/\/comitevolley53.fr\/?page_id=1141"},"modified":"2023-09-12T09:00:46","modified_gmt":"2023-09-12T07:00:46","slug":"compte-rendu","status":"publish","type":"page","link":"https:\/\/comitevolley53.fr\/index.php\/compte-rendu\/","title":{"rendered":"Comptes-Rendus"},"content":{"rendered":"\t\t<div data-elementor-type=\"wp-post\" data-elementor-id=\"1141\" class=\"elementor elementor-1141\">\n\t\t\t\t\t\t<section class=\"elementor-section elementor-top-section elementor-element elementor-element-0d97ba6 elementor-section-boxed elementor-section-height-default elementor-section-height-default\" data-id=\"0d97ba6\" data-element_type=\"section\" data-e-type=\"section\">\n\t\t\t\t\t\t<div class=\"elementor-container elementor-column-gap-default\">\n\t\t\t\t\t<div class=\"elementor-column elementor-col-100 elementor-top-column elementor-element elementor-element-df5efc4\" data-id=\"df5efc4\" data-element_type=\"column\" data-e-type=\"column\">\n\t\t\t<div class=\"elementor-widget-wrap elementor-element-populated\">\n\t\t\t\t\t\t<div class=\"elementor-element elementor-element-11c9a58 elementor-widget elementor-widget-text-editor\" data-id=\"11c9a58\" data-element_type=\"widget\" data-e-type=\"widget\" data-widget_type=\"text-editor.default\">\n\t\t\t\t<div class=\"elementor-widget-container\">\n\t\t\t\t\t\t\t\t\t<h4><strong>SAISON 2022 \/ 2023 :<\/strong><\/h4><h4><a href=\"http:\/\/comitevolley53.fr\/wp-content\/uploads\/2023\/09\/CR-AG-30-Juin-2023.pdf\" target=\"_blank\" rel=\"noopener\">Proc\u00e8s Verbal AG 30 Juin 2023<\/a><\/h4><h4><a href=\"http:\/\/comitevolley53.fr\/wp-content\/uploads\/2022\/11\/Reunion-sportive-jeunes-10-Octobre-2022.pdf\">Commission Sportive Jeunes du 10 Octobre 2022<\/a><\/h4><h4><a href=\"http:\/\/comitevolley53.fr\/wp-content\/uploads\/2022\/11\/compte-rendu-reunion-des-clubs-du-12092022.pdf\">R\u00e9union de rentr\u00e9e des clubs du 12 Septembre 2022<\/a><\/h4><h4><a href=\"http:\/\/comitevolley53.fr\/wp-content\/uploads\/2022\/11\/compte-rendu-reunion-bureau-du-09092022.pdf\">R\u00e9union Bureau Comit\u00e9 du 9 Septembre 2022<\/a><\/h4><h4><a href=\"http:\/\/comitevolley53.fr\/wp-content\/uploads\/2022\/11\/Compte-rendu-Technique-du-5-septembre-2022.pdf\">Commission Technique du 5 Septembre 2022<\/a><\/h4>\t\t\t\t\t\t\t\t<\/div>\n\t\t\t\t<\/div>\n\t\t\t\t\t<\/div>\n\t\t<\/div>\n\t\t\t\t\t<\/div>\n\t\t<\/section>\n\t\t\t\t<section class=\"elementor-section elementor-top-section elementor-element elementor-element-4437bbe elementor-section-boxed elementor-section-height-default elementor-section-height-default\" data-id=\"4437bbe\" data-element_type=\"section\" data-e-type=\"section\">\n\t\t\t\t\t\t<div class=\"elementor-container elementor-column-gap-default\">\n\t\t\t\t\t<div class=\"elementor-column elementor-col-100 elementor-top-column elementor-element elementor-element-554a776\" data-id=\"554a776\" data-element_type=\"column\" data-e-type=\"column\">\n\t\t\t<div class=\"elementor-widget-wrap elementor-element-populated\">\n\t\t\t\t\t\t<div class=\"elementor-element elementor-element-c0c339a elementor-widget elementor-widget-text-editor\" data-id=\"c0c339a\" data-element_type=\"widget\" data-e-type=\"widget\" data-widget_type=\"text-editor.default\">\n\t\t\t\t<div class=\"elementor-widget-container\">\n\t\t\t\t\t\t\t\t\t<h6>SAISON 2021 \/ 2022 :<\/h6><h6><a href=\"http:\/\/Commission Technique 20 Septembre 2021\" data-wplink-url-error=\"true\">R\u00e9union Sportive Jeunes et Clubs du 29 Septembre 2021<\/a><\/h6><h6><a href=\"http:\/\/comitevolley53.fr\/wp-content\/uploads\/2021\/09\/compte-rendu-reunion-technique-du-20092021-1.pdf\">Commission Technique 20 Septembre 2021<\/a><\/h6><h6><a href=\"http:\/\/comitevolley53.fr\/wp-content\/uploads\/2021\/09\/compte-rendu-reunion-des-clubs-du-13092021.pdf\">R\u00e9union des clubs 13 Septembre 2021<\/a><\/h6>\t\t\t\t\t\t\t\t<\/div>\n\t\t\t\t<\/div>\n\t\t\t\t\t<\/div>\n\t\t<\/div>\n\t\t\t\t\t<\/div>\n\t\t<\/section>\n\t\t\t\t<section class=\"elementor-section elementor-top-section elementor-element elementor-element-d260ef3 elementor-section-boxed elementor-section-height-default elementor-section-height-default\" data-id=\"d260ef3\" data-element_type=\"section\" data-e-type=\"section\">\n\t\t\t\t\t\t<div class=\"elementor-container elementor-column-gap-default\">\n\t\t\t\t\t<div class=\"elementor-column elementor-col-100 elementor-top-column elementor-element elementor-element-a2dda8c\" data-id=\"a2dda8c\" data-element_type=\"column\" data-e-type=\"column\">\n\t\t\t<div class=\"elementor-widget-wrap elementor-element-populated\">\n\t\t\t\t\t\t<div class=\"elementor-element elementor-element-6d5325c elementor-widget elementor-widget-text-editor\" data-id=\"6d5325c\" data-element_type=\"widget\" data-e-type=\"widget\" data-widget_type=\"text-editor.default\">\n\t\t\t\t<div class=\"elementor-widget-container\">\n\t\t\t\t\t\t\t\t\t<h6>SAISON 2020 \/ 2021 :<\/h6><h6><a href=\"http:\/\/comitevolley53.fr\/wp-content\/uploads\/2021\/09\/CR-AG-8-Juillet-2021.pdf\">AG du 8 Juillet 2021<\/a><\/h6><h6><a href=\"http:\/\/comitevolley53.fr\/wp-content\/uploads\/2021\/05\/compte-rendu-reunion-clubs-et-comite-du-17052021.pdf\">R\u00e9union Clubs \/ Comit\u00e9 du 17 Mai 2021 (Visio)<\/a><\/h6><h6><a href=\"http:\/\/comitevolley53.fr\/wp-content\/uploads\/2021\/05\/compte-rendu-reunion-clubs-et-comite-du-19-avril-2021.pdf\">R\u00e9union Clubs \/ Comit\u00e9 du 19 Avril 2021 (Visio)<\/a><\/h6><h6><a href=\"http:\/\/comitevolley53.fr\/wp-content\/uploads\/2021\/04\/compte-rendu-reunion-bureau-du-10042021.pdf\">R\u00e9union Bureau Comit\u00e9 du 10 Avril 2021 (Visio)<\/a><\/h6><h6><a href=\"http:\/\/comitevolley53.fr\/wp-content\/uploads\/2021\/03\/compte-rendu-reunion-clubs-et-comite-du-22032021.pdf\">R\u00e9union Clubs \/ Comit\u00e9 du 22 Mars 2021 (Visio)<\/a><\/h6><h6><a href=\"http:\/\/comitevolley53.fr\/wp-content\/uploads\/2021\/03\/compte-rendu-reunion-bureau-du-04032021.pdf\">R\u00e9union Bureau Comit\u00e9 du 4 Mars 2021 (Visio)<\/a><\/h6><h6><a href=\"http:\/\/comitevolley53.fr\/wp-content\/uploads\/2021\/02\/compte-rendu-reunion-bureau-du-28012021.pdf\">R\u00e9union Bureau Comit\u00e9 du 28 Janvier 2021 (Visio)<\/a><\/h6><h6><a href=\"http:\/\/comitevolley53.fr\/wp-content\/uploads\/2020\/12\/compte-rendu-reunion-bureau-du-17122020.pdf\">R\u00e9union Bureau Comit\u00e9 du 17 D\u00e9cembre 2020 (Visio)<\/a><\/h6><h6><a href=\"http:\/\/comitevolley53.fr\/wp-content\/uploads\/2020\/12\/compte-rendu-reunion-sportive-jeunes-du-26112020.pdf\">R\u00e9union Sportive Jeunes du 26 Novembre 2020 (Visio)<\/a><\/h6><h6><a href=\"http:\/\/comitevolley53.fr\/wp-content\/uploads\/2020\/10\/compte-rendu-reunion-sportive-jeunes-technique-et-clubs-du-15102020.pdf\">R\u00e9union Sportive Jeunes \/ Technique \/ Clubs du 15 Octobre 2020<\/a><\/h6><h6><a href=\"http:\/\/comitevolley53.fr\/wp-content\/uploads\/2020\/10\/compte-rendu-reunion-sportive-jeunes-et-technique-du-08102020.pdf\">R\u00e9union Sportive Jeunes et Technique du 8 Octobre 2020<\/a><\/h6><h6><a href=\"http:\/\/comitevolley53.fr\/wp-content\/uploads\/2020\/10\/compte-rendu-reunion-technique-du-21092020.pdf\">R\u00e9union Technique du 21 Septembre 2020<\/a><\/h6><h6><a href=\"http:\/\/comitevolley53.fr\/wp-content\/uploads\/2020\/10\/compte-rendu-reunion-des-clubs-du-21092020.pdf\">R\u00e9union des clubs du 21 Septembre 2020<\/a><\/h6><h6>SAISON 2019\/2020 :<\/h6><h6><a href=\"http:\/\/comitevolley53.fr\/wp-content\/uploads\/2020\/10\/CR-AG-10-Septembre-2020.pdf\">Assembl\u00e9e G\u00e9n\u00e9rale du 10 Septembre 2020<\/a><\/h6><h6><a href=\"http:\/\/comitevolley53.fr\/wp-content\/uploads\/2020\/04\/CR-du-13-Janvier-2020.pdf\">R\u00e9union du 13 Janvier 2020<\/a><\/h6><h6><a href=\"http:\/\/comitevolley53.fr\/wp-content\/uploads\/2020\/01\/CR-du-4-Novembre-2019.pdf\">R\u00e9union du 4 Novembre 2019<\/a><\/h6><h6><a href=\"http:\/\/comitevolley53.fr\/wp-content\/uploads\/2019\/11\/CR-du-29-aout-2019.pdf\">R\u00e9union du 29 Ao\u00fbt 2019<\/a><\/h6>\t\t\t\t\t\t\t\t<\/div>\n\t\t\t\t<\/div>\n\t\t\t\t\t<\/div>\n\t\t<\/div>\n\t\t\t\t\t<\/div>\n\t\t<\/section>\n\t\t\t\t<\/div>\n\t\t","protected":false},"excerpt":{"rendered":"<p>SAISON 2022 \/ 2023 : Proc\u00e8s Verbal AG 30 Juin 2023 Commission Sportive Jeunes du 10 Octobre 2022 R\u00e9union de rentr\u00e9e des clubs du 12 Septembre 2022 R\u00e9union Bureau Comit\u00e9 [&hellip;]<\/p>\n","protected":false},"author":1,"featured_media":0,"parent":0,"menu_order":0,"comment_status":"closed","ping_status":"closed","template":"","meta":{"footnotes":""},"class_list":["post-1141","page","type-page","status-publish","hentry"],"_links":{"self":[{"href":"https:\/\/comitevolley53.fr\/index.php\/wp-json\/wp\/v2\/pages\/1141","targetHints":{"allow":["GET"]}}],"collection":[{"href":"https:\/\/comitevolley53.fr\/index.php\/wp-json\/wp\/v2\/pages"}],"about":[{"href":"https:\/\/comitevolley53.fr\/index.php\/wp-json\/wp\/v2\/types\/page"}],"author":[{"embeddable":true,"href":"https:\/\/comitevolley53.fr\/index.php\/wp-json\/wp\/v2\/users\/1"}],"replies":[{"embeddable":true,"href":"https:\/\/comitevolley53.fr\/index.php\/wp-json\/wp\/v2\/comments?post=1141"}],"version-history":[{"count":34,"href":"https:\/\/comitevolley53.fr\/index.php\/wp-json\/wp\/v2\/pages\/1141\/revisions"}],"predecessor-version":[{"id":3165,"href":"https:\/\/comitevolley53.fr\/index.php\/wp-json\/wp\/v2\/pages\/1141\/revisions\/3165"}],"wp:attachment":[{"href":"https:\/\/comitevolley53.fr\/index.php\/wp-json\/wp\/v2\/media?parent=1141"}],"curies":[{"name":"wp","href":"https:\/\/api.w.org\/{rel}","templated":true}]}}