{"id":167,"date":"2019-04-08T10:44:57","date_gmt":"2019-04-08T08:44:57","guid":{"rendered":"http:\/\/comitevolley53.fr\/wp\/?page_id=167"},"modified":"2022-10-04T09:25:45","modified_gmt":"2022-10-04T07:25:45","slug":"tous-les-reglements","status":"publish","type":"page","link":"https:\/\/comitevolley53.fr\/index.php\/tous-les-reglements\/","title":{"rendered":"Tous les r\u00e8glements"},"content":{"rendered":"\t\t<div data-elementor-type=\"wp-page\" data-elementor-id=\"167\" class=\"elementor elementor-167\">\n\t\t\t\t\t\t<section class=\"elementor-section elementor-top-section elementor-element elementor-element-464f1b9 elementor-section-boxed elementor-section-height-default elementor-section-height-default\" data-id=\"464f1b9\" data-element_type=\"section\" data-e-type=\"section\">\n\t\t\t\t\t\t<div class=\"elementor-container elementor-column-gap-default\">\n\t\t\t\t\t<div class=\"elementor-column elementor-col-100 elementor-top-column elementor-element elementor-element-549c3d88\" data-id=\"549c3d88\" data-element_type=\"column\" data-e-type=\"column\">\n\t\t\t<div class=\"elementor-widget-wrap elementor-element-populated\">\n\t\t\t\t\t\t<div class=\"elementor-element elementor-element-3c59d3a4 elementor-widget elementor-widget-text-editor\" data-id=\"3c59d3a4\" data-element_type=\"widget\" data-e-type=\"widget\" data-widget_type=\"text-editor.default\">\n\t\t\t\t<div class=\"elementor-widget-container\">\n\t\t\t\t\t\t\t\t\t<h4><a href=\"http:\/\/comitevolley53.fr\/wp-content\/uploads\/2019\/11\/RGSED-2019-2020.pdf\">R\u00e9glement RGSED<\/a><\/h4><h4><a href=\"http:\/\/comitevolley53.fr\/wp-content\/uploads\/2019\/04\/reglement_interieur_comite-1.pdf\">R\u00e8glement INTERIEUR<\/a><\/h4><h4>R\u00e9glement coupes f\u00e9minine et masculine<\/h4><h4><a href=\"http:\/\/comitevolley53.fr\/wp-content\/uploads\/2022\/10\/REGLEMENT-MIXTE-2022-2023.pdf\">R\u00e9glement championnat mixte 2022 \/ 2023<\/a><\/h4><h4>R\u00e9glement coupes mixte<\/h4><h4>Organisation tournois Volley Pour Tous<\/h4>\t\t\t\t\t\t\t\t<\/div>\n\t\t\t\t<\/div>\n\t\t\t\t\t<\/div>\n\t\t<\/div>\n\t\t\t\t\t<\/div>\n\t\t<\/section>\n\t\t\t\t<\/div>\n\t\t","protected":false},"excerpt":{"rendered":"<p>R\u00e9glement RGSED R\u00e8glement INTERIEUR R\u00e9glement coupes f\u00e9minine et masculine R\u00e9glement championnat mixte 2022 \/ 2023 R\u00e9glement coupes mixte Organisation tournois Volley Pour Tous<\/p>\n","protected":false},"author":1,"featured_media":0,"parent":0,"menu_order":0,"comment_status":"closed","ping_status":"closed","template":"","meta":{"footnotes":""},"class_list":["post-167","page","type-page","status-publish","hentry"],"_links":{"self":[{"href":"https:\/\/comitevolley53.fr\/index.php\/wp-json\/wp\/v2\/pages\/167","targetHints":{"allow":["GET"]}}],"collection":[{"href":"https:\/\/comitevolley53.fr\/index.php\/wp-json\/wp\/v2\/pages"}],"about":[{"href":"https:\/\/comitevolley53.fr\/index.php\/wp-json\/wp\/v2\/types\/page"}],"author":[{"embeddable":true,"href":"https:\/\/comitevolley53.fr\/index.php\/wp-json\/wp\/v2\/users\/1"}],"replies":[{"embeddable":true,"href":"https:\/\/comitevolley53.fr\/index.php\/wp-json\/wp\/v2\/comments?post=167"}],"version-history":[{"count":18,"href":"https:\/\/comitevolley53.fr\/index.php\/wp-json\/wp\/v2\/pages\/167\/revisions"}],"predecessor-version":[{"id":2732,"href":"https:\/\/comitevolley53.fr\/index.php\/wp-json\/wp\/v2\/pages\/167\/revisions\/2732"}],"wp:attachment":[{"href":"https:\/\/comitevolley53.fr\/index.php\/wp-json\/wp\/v2\/media?parent=167"}],"curies":[{"name":"wp","href":"https:\/\/api.w.org\/{rel}","templated":true}]}}