{"id":1968,"date":"2020-12-23T11:33:07","date_gmt":"2020-12-23T10:33:07","guid":{"rendered":"http:\/\/comitevolley53.fr\/?page_id=1968"},"modified":"2025-09-15T10:31:45","modified_gmt":"2025-09-15T08:31:45","slug":"arbitrage","status":"publish","type":"page","link":"https:\/\/comitevolley53.fr\/index.php\/arbitrage\/","title":{"rendered":"Arbitrage"},"content":{"rendered":"\t\t<div data-elementor-type=\"wp-page\" data-elementor-id=\"1968\" class=\"elementor elementor-1968\">\n\t\t\t\t\t\t<section class=\"elementor-section elementor-top-section elementor-element elementor-element-8fbe02d elementor-section-boxed elementor-section-height-default elementor-section-height-default\" data-id=\"8fbe02d\" data-element_type=\"section\" data-e-type=\"section\">\n\t\t\t\t\t\t<div class=\"elementor-container elementor-column-gap-default\">\n\t\t\t\t\t<div class=\"elementor-column elementor-col-100 elementor-top-column elementor-element elementor-element-7f0cdc9\" data-id=\"7f0cdc9\" data-element_type=\"column\" data-e-type=\"column\">\n\t\t\t<div class=\"elementor-widget-wrap elementor-element-populated\">\n\t\t\t\t\t\t<div class=\"elementor-element elementor-element-9f06c38 elementor-widget elementor-widget-image\" data-id=\"9f06c38\" data-element_type=\"widget\" data-e-type=\"widget\" data-widget_type=\"image.default\">\n\t\t\t\t<div class=\"elementor-widget-container\">\n\t\t\t\t\t\t\t\t\t\t\t\t\t\t\t\t<a href=\"http:\/\/comitevolley53.fr\/wp-content\/uploads\/2021\/01\/128618039_3725336347487989_2426814899550286721_n.jpg\">\n\t\t\t\t\t\t\t<img decoding=\"async\" src=\"http:\/\/comitevolley53.fr\/wp-content\/uploads\/2021\/01\/128618039_3725336347487989_2426814899550286721_n.jpg\" title=\"\" alt=\"\" loading=\"lazy\" \/>\t\t\t\t\t\t\t\t<\/a>\n\t\t\t\t\t\t\t\t\t\t\t\t\t\t\t<\/div>\n\t\t\t\t<\/div>\n\t\t\t\t\t<\/div>\n\t\t<\/div>\n\t\t\t\t\t<\/div>\n\t\t<\/section>\n\t\t\t\t<section class=\"elementor-section elementor-top-section elementor-element elementor-element-9d1a72f elementor-section-boxed elementor-section-height-default elementor-section-height-default\" data-id=\"9d1a72f\" data-element_type=\"section\" data-e-type=\"section\">\n\t\t\t\t\t\t<div class=\"elementor-container elementor-column-gap-default\">\n\t\t\t\t\t<div class=\"elementor-column elementor-col-100 elementor-top-column elementor-element elementor-element-8fd57c0\" data-id=\"8fd57c0\" data-element_type=\"column\" data-e-type=\"column\">\n\t\t\t<div class=\"elementor-widget-wrap elementor-element-populated\">\n\t\t\t\t\t\t<div class=\"elementor-element elementor-element-0b7da6e elementor-widget elementor-widget-text-editor\" data-id=\"0b7da6e\" data-element_type=\"widget\" data-e-type=\"widget\" data-widget_type=\"text-editor.default\">\n\t\t\t\t<div class=\"elementor-widget-container\">\n\t\t\t\t\t\t\t\t\t<h4><span style=\"color: #ff0000;\"><strong><a style=\"color: #ff0000;\" href=\"https:\/\/www.fivb.com\/wp-content\/uploads\/2025\/06\/FIVB-Volleyball_Rules2025_2028-FR-v04.pdf\" target=\"_blank\" rel=\"noopener\">R\u00e8gles officielles 2025\/2028<\/a><\/strong><\/span><\/h4><h4><span style=\"color: #ff0000;\"><strong><a style=\"color: #ff0000;\" href=\"https:\/\/ffvolleyball.sharepoint.com\/:p:\/s\/CommissionFdraledArbitrage\/EVm7UGt-eKdLgu2zphK0jSkBFjxtMan2lfXGcAD6JrSOyg?rtime=kvPhIRvy3Ug\" target=\"_blank\" rel=\"noopener\">Focus sur les nouvelles r\u00e8gles\u00a0<\/a><\/strong><\/span><\/h4><h4><strong><span style=\"color: #000000;\">Vid\u00e9o 1<\/span> : <span style=\"color: #ff0000;\"><a style=\"color: #ff0000;\" href=\"https:\/\/www.youtube.com\/watch?v=7Mkn7ST1uAI&amp;feature=youtu.be\">les r\u00e8gles du volley<\/a><\/span><\/strong><\/h4><h4><strong>Vid\u00e9o 2 : <a href=\"https:\/\/www.youtube.com\/watch?v=UfaxywMwpWc&amp;feature=youtu.be\"><span style=\"color: #ff0000;\">les fautes de base<\/span><\/a><\/strong><\/h4>\t\t\t\t\t\t\t\t<\/div>\n\t\t\t\t<\/div>\n\t\t\t\t\t<\/div>\n\t\t<\/div>\n\t\t\t\t\t<\/div>\n\t\t<\/section>\n\t\t\t\t<\/div>\n\t\t","protected":false},"excerpt":{"rendered":"<p>R\u00e8gles officielles 2025\/2028 Focus sur les nouvelles r\u00e8gles\u00a0 Vid\u00e9o 1 : les r\u00e8gles du volley Vid\u00e9o 2 : les fautes de base<\/p>\n","protected":false},"author":1,"featured_media":0,"parent":0,"menu_order":0,"comment_status":"closed","ping_status":"closed","template":"","meta":{"footnotes":""},"class_list":["post-1968","page","type-page","status-publish","hentry"],"_links":{"self":[{"href":"https:\/\/comitevolley53.fr\/index.php\/wp-json\/wp\/v2\/pages\/1968","targetHints":{"allow":["GET"]}}],"collection":[{"href":"https:\/\/comitevolley53.fr\/index.php\/wp-json\/wp\/v2\/pages"}],"about":[{"href":"https:\/\/comitevolley53.fr\/index.php\/wp-json\/wp\/v2\/types\/page"}],"author":[{"embeddable":true,"href":"https:\/\/comitevolley53.fr\/index.php\/wp-json\/wp\/v2\/users\/1"}],"replies":[{"embeddable":true,"href":"https:\/\/comitevolley53.fr\/index.php\/wp-json\/wp\/v2\/comments?post=1968"}],"version-history":[{"count":8,"href":"https:\/\/comitevolley53.fr\/index.php\/wp-json\/wp\/v2\/pages\/1968\/revisions"}],"predecessor-version":[{"id":3664,"href":"https:\/\/comitevolley53.fr\/index.php\/wp-json\/wp\/v2\/pages\/1968\/revisions\/3664"}],"wp:attachment":[{"href":"https:\/\/comitevolley53.fr\/index.php\/wp-json\/wp\/v2\/media?parent=1968"}],"curies":[{"name":"wp","href":"https:\/\/api.w.org\/{rel}","templated":true}]}}