{"id":2378,"date":"2021-12-02T10:13:53","date_gmt":"2021-12-02T09:13:53","guid":{"rendered":"http:\/\/comitevolley53.fr\/?page_id=2378"},"modified":"2024-10-11T08:47:37","modified_gmt":"2024-10-11T06:47:37","slug":"stage-volley-pour-tous-18-12-2021","status":"publish","type":"page","link":"https:\/\/comitevolley53.fr\/index.php\/stage-volley-pour-tous-18-12-2021\/","title":{"rendered":"Stage Toussaint 2024"},"content":{"rendered":"\t\t<div data-elementor-type=\"wp-page\" data-elementor-id=\"2378\" class=\"elementor elementor-2378\">\n\t\t\t\t\t\t<section class=\"elementor-section elementor-top-section elementor-element elementor-element-5a38f1e elementor-section-boxed elementor-section-height-default elementor-section-height-default\" data-id=\"5a38f1e\" data-element_type=\"section\" data-e-type=\"section\">\n\t\t\t\t\t\t<div class=\"elementor-container elementor-column-gap-default\">\n\t\t\t\t\t<div class=\"elementor-column elementor-col-33 elementor-top-column elementor-element elementor-element-1abc450\" data-id=\"1abc450\" data-element_type=\"column\" data-e-type=\"column\">\n\t\t\t<div class=\"elementor-widget-wrap elementor-element-populated\">\n\t\t\t\t\t\t<div class=\"elementor-element elementor-element-f49852c elementor-widget elementor-widget-spacer\" data-id=\"f49852c\" data-element_type=\"widget\" data-e-type=\"widget\" data-widget_type=\"spacer.default\">\n\t\t\t\t<div class=\"elementor-widget-container\">\n\t\t\t\t\t\t\t<div class=\"elementor-spacer\">\n\t\t\t<div class=\"elementor-spacer-inner\"><\/div>\n\t\t<\/div>\n\t\t\t\t\t\t<\/div>\n\t\t\t\t<\/div>\n\t\t\t\t\t<\/div>\n\t\t<\/div>\n\t\t\t\t<div class=\"elementor-column elementor-col-33 elementor-top-column elementor-element elementor-element-1ea7b96\" data-id=\"1ea7b96\" data-element_type=\"column\" data-e-type=\"column\">\n\t\t\t<div class=\"elementor-widget-wrap elementor-element-populated\">\n\t\t\t\t\t\t<div class=\"elementor-element elementor-element-d7fb0ad elementor-widget elementor-widget-image\" data-id=\"d7fb0ad\" data-element_type=\"widget\" data-e-type=\"widget\" data-widget_type=\"image.default\">\n\t\t\t\t<div class=\"elementor-widget-container\">\n\t\t\t\t\t\t\t\t\t\t\t\t\t\t\t<img fetchpriority=\"high\" decoding=\"async\" width=\"640\" height=\"800\" src=\"https:\/\/comitevolley53.fr\/wp-content\/uploads\/2024\/10\/462375627_1043104427824489_2860002648337613478_n-819x1024.jpg\" class=\"attachment-large size-large wp-image-3516\" alt=\"\" srcset=\"https:\/\/comitevolley53.fr\/wp-content\/uploads\/2024\/10\/462375627_1043104427824489_2860002648337613478_n-819x1024.jpg 819w, https:\/\/comitevolley53.fr\/wp-content\/uploads\/2024\/10\/462375627_1043104427824489_2860002648337613478_n-600x750.jpg 600w, https:\/\/comitevolley53.fr\/wp-content\/uploads\/2024\/10\/462375627_1043104427824489_2860002648337613478_n-240x300.jpg 240w, https:\/\/comitevolley53.fr\/wp-content\/uploads\/2024\/10\/462375627_1043104427824489_2860002648337613478_n-768x960.jpg 768w, https:\/\/comitevolley53.fr\/wp-content\/uploads\/2024\/10\/462375627_1043104427824489_2860002648337613478_n.jpg 1080w\" sizes=\"(max-width: 640px) 100vw, 640px\" \/>\t\t\t\t\t\t\t\t\t\t\t\t\t\t\t<\/div>\n\t\t\t\t<\/div>\n\t\t\t\t\t<\/div>\n\t\t<\/div>\n\t\t\t\t<div class=\"elementor-column elementor-col-33 elementor-top-column elementor-element elementor-element-b6279f6\" data-id=\"b6279f6\" data-element_type=\"column\" data-e-type=\"column\">\n\t\t\t<div class=\"elementor-widget-wrap\">\n\t\t\t\t\t\t\t<\/div>\n\t\t<\/div>\n\t\t\t\t\t<\/div>\n\t\t<\/section>\n\t\t\t\t<section class=\"elementor-section elementor-top-section elementor-element elementor-element-57ba5b4 elementor-section-boxed elementor-section-height-default elementor-section-height-default\" data-id=\"57ba5b4\" data-element_type=\"section\" data-e-type=\"section\" data-settings=\"{&quot;background_background&quot;:&quot;classic&quot;,&quot;animation&quot;:&quot;none&quot;}\">\n\t\t\t\t\t\t<div class=\"elementor-container elementor-column-gap-default\">\n\t\t\t\t\t<div class=\"elementor-column elementor-col-33 elementor-top-column elementor-element elementor-element-f830c22\" data-id=\"f830c22\" data-element_type=\"column\" data-e-type=\"column\">\n\t\t\t<div class=\"elementor-widget-wrap elementor-element-populated\">\n\t\t\t\t\t\t<div class=\"elementor-element elementor-element-4be5c2d elementor-widget elementor-widget-text-editor\" data-id=\"4be5c2d\" data-element_type=\"widget\" data-e-type=\"widget\" data-widget_type=\"text-editor.default\">\n\t\t\t\t<div class=\"elementor-widget-container\">\n\t\t\t\t\t\t\t\t\t<h4 style=\"text-align: center;\"><span style=\"text-decoration: underline;\"><strong>LUNDI 21 OCTOBRE 2024<\/strong><\/span><\/h4><p style=\"text-align: center;\">Stage Volley Pour Tous ouvert aux M15 \/ M18<\/p><p style=\"text-align: center;\"><a href=\"http:\/\/comitevolley53.fr\/wp-content\/uploads\/2024\/10\/Convocation-stage-21-Octobre-2024.pdf\" target=\"_blank\" rel=\"noopener\"><span style=\"color: #ff0000;\"><strong>Convocation<\/strong><\/span><\/a><\/p><p style=\"text-align: center;\"><strong><span style=\"color: #ff0000;\"><a style=\"color: #ff0000;\" href=\"http:\/\/comitevolley53.fr\/wp-content\/uploads\/2024\/10\/autorisation-parentale-stage-Octobre-2024.doc.pdf\" target=\"_blank\" rel=\"noopener\">Autorisation parentale<\/a><\/span><\/strong><\/p><p style=\"text-align: center;\"><a href=\"http:\/\/comitevolley53.fr\/wp-content\/uploads\/2024\/10\/liste-stage-21-Octobre-2024.pdf\" target=\"_blank\" rel=\"noopener\"><span style=\"color: #ff0000;\"><strong>Liste<\/strong><\/span><\/a><\/p>\t\t\t\t\t\t\t\t<\/div>\n\t\t\t\t<\/div>\n\t\t\t\t\t<\/div>\n\t\t<\/div>\n\t\t\t\t<div class=\"elementor-column elementor-col-33 elementor-top-column elementor-element elementor-element-80645e4\" data-id=\"80645e4\" data-element_type=\"column\" data-e-type=\"column\">\n\t\t\t<div class=\"elementor-widget-wrap elementor-element-populated\">\n\t\t\t\t\t\t<div class=\"elementor-element elementor-element-18d6720 elementor-widget elementor-widget-text-editor\" data-id=\"18d6720\" data-element_type=\"widget\" data-e-type=\"widget\" data-widget_type=\"text-editor.default\">\n\t\t\t\t<div class=\"elementor-widget-container\">\n\t\t\t\t\t\t\t\t\t<h4 style=\"text-align: center;\"><span style=\"text-decoration: underline;\"><strong>JEUDI 24 OCTOBRE 2024<\/strong><\/span><\/h4><p style=\"text-align: center;\">Stage S\u00e9lections D\u00e9partementales M14F<\/p><p style=\"text-align: center;\"><a href=\"http:\/\/comitevolley53.fr\/wp-content\/uploads\/2024\/10\/Convocation-stage-24-Octobre-2024-M14-filles.pdf\" target=\"_blank\" rel=\"noopener\"><span style=\"color: #ff0000;\"><strong>Convocation<\/strong><\/span><\/a><\/p><p style=\"text-align: center;\"><a href=\"http:\/\/comitevolley53.fr\/wp-content\/uploads\/2024\/02\/autorisation-parentale-stage-Mars-2024.pdf\" target=\"_blank\" rel=\"noopener\"><span style=\"color: #ff0000;\"><strong>Autorisation parentale<\/strong><\/span><\/a><\/p><p style=\"text-align: center;\"><a href=\"http:\/\/comitevolley53.fr\/wp-content\/uploads\/2024\/10\/Liste-M14-filles-stage-24-Octobre-2024.pdf\" target=\"_blank\" rel=\"noopener\"><span style=\"color: #ff0000;\"><strong>Liste<\/strong><\/span><\/a><\/p>\t\t\t\t\t\t\t\t<\/div>\n\t\t\t\t<\/div>\n\t\t\t\t\t<\/div>\n\t\t<\/div>\n\t\t\t\t<div class=\"elementor-column elementor-col-33 elementor-top-column elementor-element elementor-element-776c941\" data-id=\"776c941\" data-element_type=\"column\" data-e-type=\"column\">\n\t\t\t<div class=\"elementor-widget-wrap elementor-element-populated\">\n\t\t\t\t\t\t<div class=\"elementor-element elementor-element-e8157f7 elementor-widget elementor-widget-text-editor\" data-id=\"e8157f7\" data-element_type=\"widget\" data-e-type=\"widget\" data-widget_type=\"text-editor.default\">\n\t\t\t\t<div class=\"elementor-widget-container\">\n\t\t\t\t\t\t\t\t\t<h4 style=\"text-align: center;\"><span style=\"text-decoration: underline;\"><strong>24 et 25 OCTOBRE 2024<\/strong><\/span><\/h4><p style=\"text-align: center;\">Stage S\u00e9lections D\u00e9partementales M9 \u00e0 M15G<\/p><p style=\"text-align: center;\"><a href=\"http:\/\/comitevolley53.fr\/wp-content\/uploads\/2024\/10\/Convocation-stage-24-Octobre-2024-M14-filles.pdf\" target=\"_blank\" rel=\"noopener\"><span style=\"color: #ff0000;\"><strong>Convocation M15G<\/strong><\/span><\/a><\/p><p style=\"text-align: center;\"><strong><span style=\"color: #ff0000;\"><a style=\"color: #ff0000;\" href=\"http:\/\/comitevolley53.fr\/wp-content\/uploads\/2024\/10\/Convocation-stage-24-et-25-Octobre-2024-M9-M11-M12-M13-LHuisserie.pdf\" target=\"_blank\" rel=\"noopener\">Convocation M9 \u00e0 M13<\/a><\/span><\/strong><\/p><p style=\"text-align: center;\"><a href=\"http:\/\/comitevolley53.fr\/wp-content\/uploads\/2024\/10\/autorisation-parentale-stage-Octobre-2024.doc.pdf\" target=\"_blank\" rel=\"noopener\"><span style=\"color: #ff0000;\"><strong>Autorisation parentale<\/strong><\/span><\/a><\/p><p style=\"text-align: center;\"><a href=\"http:\/\/comitevolley53.fr\/wp-content\/uploads\/2024\/10\/Liste-M9-a-M15-LHuisserie-24-et-25-Octobre-2024.pdf\" target=\"_blank\" rel=\"noopener\"><span style=\"color: #ff0000;\"><strong>Liste M9 \u00e0 M13<\/strong><\/span><\/a><\/p><p style=\"text-align: center;\"><a href=\"http:\/\/comitevolley53.fr\/wp-content\/uploads\/2024\/10\/Liste-24-et-25-Octobre-2024-M9-a-M15.pdf\" target=\"_blank\" rel=\"noopener\"><span style=\"color: #ff0000;\"><strong>Liste M15G<\/strong><\/span><\/a><\/p><p style=\"text-align: center;\">\u00a0<\/p>\t\t\t\t\t\t\t\t<\/div>\n\t\t\t\t<\/div>\n\t\t\t\t\t<\/div>\n\t\t<\/div>\n\t\t\t\t\t<\/div>\n\t\t<\/section>\n\t\t\t\t<\/div>\n\t\t","protected":false},"excerpt":{"rendered":"<p>LUNDI 21 OCTOBRE 2024 Stage Volley Pour Tous ouvert aux M15 \/ M18 Convocation Autorisation parentale Liste JEUDI 24 OCTOBRE 2024 Stage S\u00e9lections D\u00e9partementales M14F Convocation Autorisation parentale Liste 24 [&hellip;]<\/p>\n","protected":false},"author":1,"featured_media":0,"parent":0,"menu_order":0,"comment_status":"closed","ping_status":"closed","template":"","meta":{"footnotes":""},"class_list":["post-2378","page","type-page","status-publish","hentry"],"_links":{"self":[{"href":"https:\/\/comitevolley53.fr\/index.php\/wp-json\/wp\/v2\/pages\/2378","targetHints":{"allow":["GET"]}}],"collection":[{"href":"https:\/\/comitevolley53.fr\/index.php\/wp-json\/wp\/v2\/pages"}],"about":[{"href":"https:\/\/comitevolley53.fr\/index.php\/wp-json\/wp\/v2\/types\/page"}],"author":[{"embeddable":true,"href":"https:\/\/comitevolley53.fr\/index.php\/wp-json\/wp\/v2\/users\/1"}],"replies":[{"embeddable":true,"href":"https:\/\/comitevolley53.fr\/index.php\/wp-json\/wp\/v2\/comments?post=2378"}],"version-history":[{"count":45,"href":"https:\/\/comitevolley53.fr\/index.php\/wp-json\/wp\/v2\/pages\/2378\/revisions"}],"predecessor-version":[{"id":3529,"href":"https:\/\/comitevolley53.fr\/index.php\/wp-json\/wp\/v2\/pages\/2378\/revisions\/3529"}],"wp:attachment":[{"href":"https:\/\/comitevolley53.fr\/index.php\/wp-json\/wp\/v2\/media?parent=2378"}],"curies":[{"name":"wp","href":"https:\/\/api.w.org\/{rel}","templated":true}]}}