{"id":290,"date":"2019-04-24T11:41:34","date_gmt":"2019-04-24T09:41:34","guid":{"rendered":"http:\/\/comitevolley53.fr\/wp\/?page_id=290"},"modified":"2025-09-02T14:37:13","modified_gmt":"2025-09-02T12:37:13","slug":"formulairess","status":"publish","type":"page","link":"https:\/\/comitevolley53.fr\/index.php\/formulairess\/","title":{"rendered":"Formulaires"},"content":{"rendered":"\t\t<div data-elementor-type=\"wp-post\" data-elementor-id=\"290\" class=\"elementor elementor-290\">\n\t\t\t\t\t\t<section class=\"elementor-section elementor-top-section elementor-element elementor-element-17af8f95 elementor-section-boxed elementor-section-height-default elementor-section-height-default\" data-id=\"17af8f95\" data-element_type=\"section\" data-e-type=\"section\">\n\t\t\t\t\t\t<div class=\"elementor-container elementor-column-gap-default\">\n\t\t\t\t\t<div class=\"elementor-column elementor-col-100 elementor-top-column elementor-element elementor-element-5e5a65e8\" data-id=\"5e5a65e8\" data-element_type=\"column\" data-e-type=\"column\">\n\t\t\t<div class=\"elementor-widget-wrap elementor-element-populated\">\n\t\t\t\t\t\t<div class=\"elementor-element elementor-element-6648a059 elementor-widget elementor-widget-text-editor\" data-id=\"6648a059\" data-element_type=\"widget\" data-e-type=\"widget\" data-widget_type=\"text-editor.default\">\n\t\t\t\t<div class=\"elementor-widget-container\">\n\t\t\t\t\t\t\t\t\t<p style=\"text-align: center;\"><strong><em>Tous les documents \u00e0 t\u00e9l\u00e9charger.<\/em><\/strong><\/p><h6><span style=\"color: #000000;\">M\u00eame si cela n\u2019a pas de caract\u00e8re obligatoire, la FFVolley recommande vivement une visite m\u00e9dicale pr\u00e9alablement \u00e0 la prise de licence ou la reprise d\u2019entra\u00eenement.<\/span><\/h6><h4><span style=\"color: #4472c4; font-family: Calibri,sans-serif; font-size: small;\"><span style=\"color: #ee0000; font-family: Arial,sans-serif;\"><b><u>LA NOUVEAUTE POUR LA SAISON 2025\/206<\/u><\/b><\/span><span style=\"color: #ee0000; font-family: Arial,sans-serif;\">\u00a0<\/span><span style=\"color: windowtext; font-family: Arial,sans-serif;\">: <strong>Certificat m\u00e9dical pour un majeur\u00a0&#8211; si le licenci\u00e9 majeur atteste avoir r\u00e9pondu n\u00e9gativement au questionnaire de sant\u00e9, il n\u2019a pas besoin de fournir de certificat m\u00e9dical (cr\u00e9ation, renouvellement, mutation). A d\u00e9faut, il devra fournir un certificat m\u00e9dical de moins de 6 mois<\/strong><\/span><\/span><\/h4><p><strong>Les <span style=\"color: #3366ff;\"><a style=\"color: #3366ff;\" href=\"http:\/\/comitevolley53.fr\/wp-content\/uploads\/2025\/07\/FFvolley_Categories_2025-26-1.pdf\" target=\"_blank\" rel=\"noopener noreferrer\">Cat\u00e9gories d\u2019\u00e2ge<\/a><\/span> pour la saison 2025-2026<\/strong><\/p><h4><strong><span style=\"text-decoration: underline;\">Pour les licences<\/span> : <\/strong><\/h4><p><strong>\u2192 <span style=\"color: #3366ff;\"><a style=\"color: #3366ff;\" href=\"http:\/\/comitevolley53.fr\/wp-content\/uploads\/2025\/07\/Formulaire_demande_licences_2025_2026-1.pdf\" target=\"_blank\" rel=\"noopener noreferrer\">Formulaire Demande de Licence 2025 \/ 2026<\/a><\/span><\/strong><\/p><p>\u2192<span style=\"color: #3366ff;\"><a style=\"color: #3366ff;\" href=\"http:\/\/comitevolley53.fr\/wp-content\/uploads\/2025\/07\/Aide-prise-de-licence.pdf\" target=\"_blank\" rel=\"noopener\"><strong>\u00a0Aide choix des licences 2025\/2026<\/strong><\/a><\/span><\/p><p><strong><a href=\"http:\/\/comitevolley53.fr\/wp-content\/uploads\/2022\/07\/FFvolley_Architecture_des_Licences_2022-23.pdf\">\u2192<\/a><a href=\"http:\/\/comitevolley53.fr\/wp-content\/uploads\/2025\/07\/Type-de-licence-selon-la-fonction.pdf\" target=\"_blank\" rel=\"noopener\">\u00a0<\/a><a href=\"http:\/\/comitevolley53.fr\/wp-content\/uploads\/2024\/09\/Type-de-licence-selon-la-fonction.pdf\" target=\"_blank\" rel=\"noopener\"><span style=\"color: #3366ff;\">Type de licence selon la fonction<\/span><\/a><\/strong><\/p><p><strong><a href=\"http:\/\/comitevolley53.fr\/wp-content\/uploads\/2025\/07\/FFvolley_qs_sport_2025-26.pdf\" target=\"_blank\" rel=\"noopener\">\u2192 <span style=\"color: #3366ff;\">QUESTIONNAIRE SANTE<\/span><\/a><\/strong><\/p><p>\u2192 <span style=\"color: #3366ff;\"><strong><a style=\"color: #3366ff;\" href=\"http:\/\/comitevolley53.fr\/wp-content\/uploads\/2025\/07\/FFvolley_qs_sport_sportifs_mineurs_2025-26.pdf\" target=\"_blank\" rel=\"noopener noreferrer\">QUESTIONNAIRE SANTE SPORTIFS MINEURS<\/a><\/strong><\/span><\/p><p><strong>\u2192<span style=\"color: #3366ff;\"><a style=\"color: #3366ff;\" href=\"http:\/\/comitevolley53.fr\/wp-content\/uploads\/2025\/07\/FFvolley_CERTIFICAT_MEDICAL_A.pdf\" target=\"_blank\" rel=\"noopener noreferrer\">Fiche m\u00e9dicale A 2025 \/ 2026<\/a><\/span><br \/><\/strong><\/p><p><strong>\u2192<span style=\"color: #3366ff;\"><a style=\"color: #3366ff;\" href=\"http:\/\/comitevolley53.fr\/wp-content\/uploads\/2025\/07\/FFvolley_CERTIFICAT_MEDICAL_B.pdf\" target=\"_blank\" rel=\"noopener noreferrer\">Fiche m\u00e9dicale B (double surclassement) 2025 \/ 2026<\/a><\/span><\/strong><\/p><p><strong>\u2192<span style=\"color: #3366ff;\"><a style=\"color: #3366ff;\" href=\"http:\/\/comitevolley53.fr\/wp-content\/uploads\/2024\/09\/FFvolley_CERTIFICAT_MEDICAL_ENCADREMENT.pdf\" target=\"_blank\" rel=\"noopener noreferrer\">Fiche m\u00e9dicale Encadrement 2025 \/ 2026<\/a><\/span><\/strong><\/p><p><strong>\u2192 <span style=\"color: #3366ff;\"><a style=\"color: #3366ff;\" href=\"http:\/\/comitevolley53.fr\/wp-content\/uploads\/2023\/09\/Procedure-double-surclassement-1.pdf\" target=\"_blank\" rel=\"noopener\">Proc\u00e9dure double surclassement<\/a><\/span><\/strong><\/p><h4><strong><span style=\"text-decoration: underline;\">Les Tarifs<\/span>\u00a0: <\/strong><\/h4><p><span style=\"color: #3366ff;\"><strong>\u2192 Tarifs des licences 2025\/2026 (en attente de vote \u00e0 l&rsquo;AG)<\/strong><\/span><\/p><p><span style=\"color: #3366ff;\"><strong>\u2192 Tarifs des engagements 2025\/2026 (en attente de vote \u00e0 l&rsquo;AG)<\/strong><\/span><\/p><p><strong>\u00a0<\/strong><\/p><h4><strong><span style=\"text-decoration: underline;\">FFVB SENIORS (Masculin et F\u00e9minin)<\/span>\u00a0: <\/strong><\/h4><p><span style=\"color: #3366ff;\"><strong>\u2192 Correspondants Club-Jeunes-Arbitres 2025\/2026<\/strong><\/span><\/p><p><a href=\"http:\/\/comitevolley53.fr\/wp-content\/uploads\/2025\/09\/Formulaire-pret-seniors.pdf\" target=\"_blank\" rel=\"noopener\"><strong><span style=\"color: #3366ff;\">\u2192<\/span> <span style=\"color: #3366ff;\">Formulaire pr\u00eat \u00ab\u00a0Seniors\u00a0\u00bb<\/span><\/strong><\/a><\/p><h4><span style=\"text-decoration: underline;\"><strong>FFVB SENIORS (Mixte) :<\/strong><\/span><\/h4><p><span style=\"color: #3366ff;\"><strong>\u2192 <span style=\"color: #3366ff;\"><a style=\"color: #3366ff;\" href=\"http:\/\/comitevolley53.fr\/wp-content\/uploads\/2025\/09\/procedure-demande-licence.pdf\" target=\"_blank\" rel=\"noopener\">Proc\u00e9dure demande de licence 2025\/2026<\/a><\/span><\/strong><\/span><\/p><p><span style=\"color: #3366ff;\"><strong> <a style=\"color: #3366ff;\" href=\"http:\/\/comitevolley53.fr\/wp-content\/uploads\/2025\/09\/bordereau-facture.pdf\" target=\"_blank\" rel=\"noopener\">\u2192 Bordereau de facturation 2025\/2026<\/a><\/strong><\/span><\/p><h4><strong><span style=\"text-decoration: underline;\">FFVB JEUNES<\/span> : <\/strong><\/h4><p><span style=\"color: #3366ff;\"><strong>\u2192 Correspondants Club-Jeunes-Arbitres 2025\/2026<\/strong><\/span><\/p><p><strong>\u2192 <a href=\"http:\/\/comitevolley53.fr\/wp-content\/uploads\/2025\/09\/formulaire-pret-jeunes.pdf\" target=\"_blank\" rel=\"noopener\"><span style=\"color: #3366ff;\">Formulaire pr\u00eat \u00ab\u00a0Jeunes\u00a0\u00bb<\/span><\/a><\/strong><\/p><h4><strong><span style=\"text-decoration: underline;\">Pour les matchs<\/span>\u00a0: <\/strong><\/h4><p><strong>\u2192<span style=\"color: #3366ff;\"><a style=\"color: #3366ff;\" href=\"http:\/\/comitevolley53.fr\/wp-content\/uploads\/2025\/09\/Procedure-Engagements-departementaux-2025-2026.pdf\" target=\"_blank\" rel=\"noopener\">Proc\u00e9dure pour engagement d\u2019\u00e9quipes en championnat d\u00e9partemental 2025\/2026<\/a><\/span><br \/><\/strong><\/p><p><strong><span style=\"color: #3366ff;\">\u2192 <\/span><a href=\"https:\/\/comitevolley53.fr\/formulaires\/Aide_Modification_Calendrier.pdf\" target=\"_blank\" rel=\"noopener noreferrer\"><span style=\"color: #3366ff;\">proc\u00e9dure \u00e0 suivre<\/span><\/a> pour une demande de rectificatif de date pour match de championnat<\/strong><\/p><p><strong>\u2192 Feuille de match pour les matchs d\u00e9partementaux Seniors : <a href=\"https:\/\/comitevolley53.fr\/formulaires\/feuille_match_seniors_saisie_manuelle.pdf\" target=\"_blank\" rel=\"noopener noreferrer\"><span style=\"color: #3366ff;\">version imprimable<\/span><\/a> \/ <span style=\"color: #3366ff;\"><a style=\"color: #3366ff;\" href=\"https:\/\/comitevolley53.fr\/formulaires\/feuille_match_seniors_saisie_modifiable.pdf\" target=\"_blank\" rel=\"noopener noreferrer\">version modifiable<\/a><\/span><\/strong><\/p><p><strong>\u2192 Feuille de match pour les matchs Jeunes : <span style=\"color: #3366ff;\"><a style=\"color: #3366ff;\" href=\"https:\/\/comitevolley53.fr\/formulaires\/feuille_match_jeunes_saisie_manuelle.pdf\" target=\"_blank\" rel=\"noopener noreferrer\">version imprimable \/ <\/a><a style=\"color: #3366ff;\" href=\"https:\/\/comitevolley53.fr\/formulaires\/feuille_match_jeunes_saisie_modifiable.pdf\" target=\"_blank\" rel=\"noopener noreferrer\">version modifiable<\/a><\/span><\/strong><\/p><p><strong>\u2192 Feuille de match pour les matchs Loisirs \/ D\u00e9tente : <span style=\"color: #3366ff;\"><a style=\"color: #3366ff;\" href=\"https:\/\/comitevolley53.fr\/formulaires\/feuille_match_loisir_saisie_manuelle.pdf\" target=\"_blank\" rel=\"noopener noreferrer\">version imprimable \/ <\/a><a style=\"color: #3366ff;\" href=\"https:\/\/comitevolley53.fr\/formulaires\/feuille_match_loisirs_saisie_modifiable.pdf\" target=\"_blank\" rel=\"noopener noreferrer\">version modifiable<\/a><\/span><\/strong><\/p><p><strong>\u00a0<\/strong><\/p><h4><strong><span style=\"text-decoration: underline;\">Pour le TOURNOI VOLLEY POUR TOUS<\/span> :<\/strong><\/h4><p><strong>\u2192<span style=\"color: #ffffff;\"><a style=\"color: #ffffff;\" href=\"https:\/\/comitevolley53.fr\/formulaires\/detente_feuille_engagement.pdf\" target=\"_blank\" rel=\"noopener noreferrer\">Formulaire d\u2019engagement<\/a> \/ <a style=\"color: #ffffff;\" href=\"https:\/\/comitevolley53.fr\/formulaires\/detente_courrier_engagement.pdf\" target=\"_blank\" rel=\"noopener noreferrer\">Lettre d\u2019information<\/a><\/span><\/strong><\/p><p><strong>\u00a0<\/strong><\/p><h4><strong><span style=\"text-decoration: underline;\">Documents divers\u00a0<\/span>: <\/strong><\/h4><p><strong>\u2192<a href=\"https:\/\/comitevolley53.fr\/formulaires\/BdC.Casal.Volley.53.pdf\" target=\"_blank\" rel=\"noopener noreferrer\">Bon de commande CASAL SPORT<\/a> (pour rappel, une r\u00e9duction est faite aux clubs)<\/strong><\/p><p><strong>\u2192<a href=\"https:\/\/comitevolley53.fr\/formulaires\/formulaire_demande_tournois.pdf\" target=\"_blank\" rel=\"noopener noreferrer\">Formulaire de demande de tournois<\/a><\/strong><\/p><p><strong>\u2192<span style=\"color: #0000ff;\"><a style=\"color: #0000ff;\" href=\"https:\/\/www.fivb.com\/wp-content\/uploads\/2024\/03\/FIVB-Volleyball_Rules2021_2024-FR-v2a.pdf\" target=\"_blank\" rel=\"noopener noreferrer\">Le code d\u2019arbitrage<\/a><\/span><\/strong><\/p><p><strong>\u2192Licence \u00e9v\u00e8nementielle : <a href=\"https:\/\/comitevolley53.fr\/formulaires\/Licences_FFVB_evenementielles.pdf\" target=\"_blank\" rel=\"noopener noreferrer\">dans quelle situation l\u2019utiliser<\/a> ? <a href=\"https:\/\/comitevolley53.fr\/formulaires\/adhesion_evenementielle.pdf\" target=\"_blank\" rel=\"noopener noreferrer\">Bordereau<\/a> pour enregistrement.<\/strong><\/p>\t\t\t\t\t\t\t\t<\/div>\n\t\t\t\t<\/div>\n\t\t\t\t\t<\/div>\n\t\t<\/div>\n\t\t\t\t\t<\/div>\n\t\t<\/section>\n\t\t\t\t<\/div>\n\t\t","protected":false},"excerpt":{"rendered":"<p>Tous les documents \u00e0 t\u00e9l\u00e9charger. M\u00eame si cela n\u2019a pas de caract\u00e8re obligatoire, la FFVolley recommande vivement une visite m\u00e9dicale pr\u00e9alablement \u00e0 la prise de licence ou la reprise d\u2019entra\u00eenement. [&hellip;]<\/p>\n","protected":false},"author":1,"featured_media":0,"parent":0,"menu_order":0,"comment_status":"closed","ping_status":"closed","template":"","meta":{"footnotes":""},"class_list":["post-290","page","type-page","status-publish","hentry"],"_links":{"self":[{"href":"https:\/\/comitevolley53.fr\/index.php\/wp-json\/wp\/v2\/pages\/290","targetHints":{"allow":["GET"]}}],"collection":[{"href":"https:\/\/comitevolley53.fr\/index.php\/wp-json\/wp\/v2\/pages"}],"about":[{"href":"https:\/\/comitevolley53.fr\/index.php\/wp-json\/wp\/v2\/types\/page"}],"author":[{"embeddable":true,"href":"https:\/\/comitevolley53.fr\/index.php\/wp-json\/wp\/v2\/users\/1"}],"replies":[{"embeddable":true,"href":"https:\/\/comitevolley53.fr\/index.php\/wp-json\/wp\/v2\/comments?post=290"}],"version-history":[{"count":212,"href":"https:\/\/comitevolley53.fr\/index.php\/wp-json\/wp\/v2\/pages\/290\/revisions"}],"predecessor-version":[{"id":3657,"href":"https:\/\/comitevolley53.fr\/index.php\/wp-json\/wp\/v2\/pages\/290\/revisions\/3657"}],"wp:attachment":[{"href":"https:\/\/comitevolley53.fr\/index.php\/wp-json\/wp\/v2\/media?parent=290"}],"curies":[{"name":"wp","href":"https:\/\/api.w.org\/{rel}","templated":true}]}}