{"id":334,"date":"2019-04-30T09:47:19","date_gmt":"2019-04-30T07:47:19","guid":{"rendered":"http:\/\/comitevolley53.fr\/wp\/?page_id=334"},"modified":"2022-05-02T10:33:52","modified_gmt":"2022-05-02T08:33:52","slug":"poussin-tour","status":"publish","type":"page","link":"https:\/\/comitevolley53.fr\/index.php\/poussin-tour\/","title":{"rendered":"Les V&rsquo;Olympiades"},"content":{"rendered":"\t\t<div data-elementor-type=\"wp-post\" data-elementor-id=\"334\" class=\"elementor elementor-334\">\n\t\t\t\t\t\t<section class=\"elementor-section elementor-top-section elementor-element elementor-element-39f9f6e elementor-section-boxed elementor-section-height-default elementor-section-height-default\" data-id=\"39f9f6e\" data-element_type=\"section\" data-e-type=\"section\">\n\t\t\t\t\t\t<div class=\"elementor-container elementor-column-gap-default\">\n\t\t\t\t\t<div class=\"elementor-column elementor-col-100 elementor-top-column elementor-element elementor-element-ae75294\" data-id=\"ae75294\" data-element_type=\"column\" data-e-type=\"column\">\n\t\t\t<div class=\"elementor-widget-wrap elementor-element-populated\">\n\t\t\t\t\t\t<div class=\"elementor-element elementor-element-0ee2f20 elementor-widget elementor-widget-text-editor\" data-id=\"0ee2f20\" data-element_type=\"widget\" data-e-type=\"widget\" data-widget_type=\"text-editor.default\">\n\t\t\t\t<div class=\"elementor-widget-container\">\n\t\t\t\t\t\t\t\t\t<h2><a href=\"http:\/\/comitevolley53.fr\/wp-content\/uploads\/2020\/12\/dossier-VOlympiades.pdf\"><strong>DOSSIER DE PRESENTATION<\/strong><\/a><\/h2><h2><strong><a href=\"http:\/\/comitevolley53.fr\/wp-content\/uploads\/2022\/03\/Dates-et-lieux-VOlympiades.pdf\">DATES ET LIEUX DES V&rsquo;OLYMPIADES 2021\/2022<\/a><\/strong><\/h2>\t\t\t\t\t\t\t\t<\/div>\n\t\t\t\t<\/div>\n\t\t\t\t\t<\/div>\n\t\t<\/div>\n\t\t\t\t\t<\/div>\n\t\t<\/section>\n\t\t\t\t<section class=\"elementor-section elementor-top-section elementor-element elementor-element-0536867 elementor-section-boxed elementor-section-height-default elementor-section-height-default\" data-id=\"0536867\" data-element_type=\"section\" data-e-type=\"section\">\n\t\t\t\t\t\t<div class=\"elementor-container elementor-column-gap-default\">\n\t\t\t\t\t<div class=\"elementor-column elementor-col-100 elementor-top-column elementor-element elementor-element-3a2382d\" data-id=\"3a2382d\" data-element_type=\"column\" data-e-type=\"column\">\n\t\t\t<div class=\"elementor-widget-wrap elementor-element-populated\">\n\t\t\t\t\t\t<div class=\"elementor-element elementor-element-d209ddd elementor-widget elementor-widget-text-editor\" data-id=\"d209ddd\" data-element_type=\"widget\" data-e-type=\"widget\" data-widget_type=\"text-editor.default\">\n\t\t\t\t<div class=\"elementor-widget-container\">\n\t\t\t\t\t\t\t\t\t\n\t\t<style type=\"text\/css\">\n\t\t\t#gallery-1 {\n\t\t\t\tmargin: auto;\n\t\t\t}\n\t\t\t#gallery-1 .gallery-item {\n\t\t\t\tfloat: left;\n\t\t\t\tmargin-top: 10px;\n\t\t\t\ttext-align: center;\n\t\t\t\twidth: 25%;\n\t\t\t}\n\t\t\t#gallery-1 img {\n\t\t\t\tborder: 2px solid #cfcfcf;\n\t\t\t}\n\t\t\t#gallery-1 .gallery-caption {\n\t\t\t\tmargin-left: 0;\n\t\t\t}\n\t\t\t\/* see gallery_shortcode() in wp-includes\/media.php *\/\n\t\t<\/style>\n\t\t<div id='gallery-1' class='gallery galleryid-334 gallery-columns-4 gallery-size-thumbnail'><dl class='gallery-item'>\n\t\t\t<dt class='gallery-icon landscape'>\n\t\t\t\t<a href='https:\/\/comitevolley53.fr\/img_1810\/'><img decoding=\"async\" width=\"150\" height=\"150\" src=\"https:\/\/comitevolley53.fr\/wp-content\/uploads\/2022\/05\/IMG_1810-150x150.jpg\" class=\"attachment-thumbnail size-thumbnail\" alt=\"\" srcset=\"https:\/\/comitevolley53.fr\/wp-content\/uploads\/2022\/05\/IMG_1810-150x150.jpg 150w, https:\/\/comitevolley53.fr\/wp-content\/uploads\/2022\/05\/IMG_1810-300x300.jpg 300w, https:\/\/comitevolley53.fr\/wp-content\/uploads\/2022\/05\/IMG_1810-100x100.jpg 100w, https:\/\/comitevolley53.fr\/wp-content\/uploads\/2022\/05\/IMG_1810-144x144.jpg 144w\" sizes=\"(max-width: 150px) 100vw, 150px\" \/><\/a>\n\t\t\t<\/dt><\/dl><dl class='gallery-item'>\n\t\t\t<dt class='gallery-icon landscape'>\n\t\t\t\t<a href='https:\/\/comitevolley53.fr\/img_1805\/'><img decoding=\"async\" width=\"150\" height=\"150\" src=\"https:\/\/comitevolley53.fr\/wp-content\/uploads\/2022\/05\/IMG_1805-150x150.jpg\" class=\"attachment-thumbnail size-thumbnail\" alt=\"\" srcset=\"https:\/\/comitevolley53.fr\/wp-content\/uploads\/2022\/05\/IMG_1805-150x150.jpg 150w, https:\/\/comitevolley53.fr\/wp-content\/uploads\/2022\/05\/IMG_1805-300x300.jpg 300w, https:\/\/comitevolley53.fr\/wp-content\/uploads\/2022\/05\/IMG_1805-100x100.jpg 100w, https:\/\/comitevolley53.fr\/wp-content\/uploads\/2022\/05\/IMG_1805-144x144.jpg 144w\" sizes=\"(max-width: 150px) 100vw, 150px\" \/><\/a>\n\t\t\t<\/dt><\/dl><dl class='gallery-item'>\n\t\t\t<dt class='gallery-icon portrait'>\n\t\t\t\t<a href='https:\/\/comitevolley53.fr\/img_1809\/'><img decoding=\"async\" width=\"150\" height=\"150\" src=\"https:\/\/comitevolley53.fr\/wp-content\/uploads\/2022\/05\/IMG_1809-150x150.jpg\" class=\"attachment-thumbnail size-thumbnail\" alt=\"\" srcset=\"https:\/\/comitevolley53.fr\/wp-content\/uploads\/2022\/05\/IMG_1809-150x150.jpg 150w, https:\/\/comitevolley53.fr\/wp-content\/uploads\/2022\/05\/IMG_1809-300x300.jpg 300w, https:\/\/comitevolley53.fr\/wp-content\/uploads\/2022\/05\/IMG_1809-100x100.jpg 100w, https:\/\/comitevolley53.fr\/wp-content\/uploads\/2022\/05\/IMG_1809-144x144.jpg 144w\" sizes=\"(max-width: 150px) 100vw, 150px\" \/><\/a>\n\t\t\t<\/dt><\/dl><dl class='gallery-item'>\n\t\t\t<dt class='gallery-icon landscape'>\n\t\t\t\t<a href='https:\/\/comitevolley53.fr\/c7c15583-3cdd-4aaf-af61-58f87624630b\/'><img loading=\"lazy\" decoding=\"async\" width=\"150\" height=\"150\" src=\"https:\/\/comitevolley53.fr\/wp-content\/uploads\/2022\/05\/c7c15583-3cdd-4aaf-af61-58f87624630b-150x150.jpg\" class=\"attachment-thumbnail size-thumbnail\" alt=\"\" srcset=\"https:\/\/comitevolley53.fr\/wp-content\/uploads\/2022\/05\/c7c15583-3cdd-4aaf-af61-58f87624630b-150x150.jpg 150w, https:\/\/comitevolley53.fr\/wp-content\/uploads\/2022\/05\/c7c15583-3cdd-4aaf-af61-58f87624630b-300x300.jpg 300w, https:\/\/comitevolley53.fr\/wp-content\/uploads\/2022\/05\/c7c15583-3cdd-4aaf-af61-58f87624630b-100x100.jpg 100w, https:\/\/comitevolley53.fr\/wp-content\/uploads\/2022\/05\/c7c15583-3cdd-4aaf-af61-58f87624630b-144x144.jpg 144w\" sizes=\"(max-width: 150px) 100vw, 150px\" \/><\/a>\n\t\t\t<\/dt><\/dl><br style=\"clear: both\" \/><dl class='gallery-item'>\n\t\t\t<dt class='gallery-icon landscape'>\n\t\t\t\t<a href='https:\/\/comitevolley53.fr\/img_1802\/'><img loading=\"lazy\" decoding=\"async\" width=\"150\" height=\"150\" src=\"https:\/\/comitevolley53.fr\/wp-content\/uploads\/2022\/05\/IMG_1802-150x150.jpg\" class=\"attachment-thumbnail size-thumbnail\" alt=\"\" srcset=\"https:\/\/comitevolley53.fr\/wp-content\/uploads\/2022\/05\/IMG_1802-150x150.jpg 150w, https:\/\/comitevolley53.fr\/wp-content\/uploads\/2022\/05\/IMG_1802-300x300.jpg 300w, https:\/\/comitevolley53.fr\/wp-content\/uploads\/2022\/05\/IMG_1802-100x100.jpg 100w, https:\/\/comitevolley53.fr\/wp-content\/uploads\/2022\/05\/IMG_1802-144x144.jpg 144w\" sizes=\"(max-width: 150px) 100vw, 150px\" \/><\/a>\n\t\t\t<\/dt><\/dl><dl class='gallery-item'>\n\t\t\t<dt class='gallery-icon landscape'>\n\t\t\t\t<a href='https:\/\/comitevolley53.fr\/b720832c-e7ee-4786-9d41-b18423e38946\/'><img loading=\"lazy\" decoding=\"async\" width=\"150\" height=\"150\" src=\"https:\/\/comitevolley53.fr\/wp-content\/uploads\/2022\/05\/b720832c-e7ee-4786-9d41-b18423e38946-150x150.jpg\" class=\"attachment-thumbnail size-thumbnail\" alt=\"\" srcset=\"https:\/\/comitevolley53.fr\/wp-content\/uploads\/2022\/05\/b720832c-e7ee-4786-9d41-b18423e38946-150x150.jpg 150w, https:\/\/comitevolley53.fr\/wp-content\/uploads\/2022\/05\/b720832c-e7ee-4786-9d41-b18423e38946-300x300.jpg 300w, https:\/\/comitevolley53.fr\/wp-content\/uploads\/2022\/05\/b720832c-e7ee-4786-9d41-b18423e38946-100x100.jpg 100w, https:\/\/comitevolley53.fr\/wp-content\/uploads\/2022\/05\/b720832c-e7ee-4786-9d41-b18423e38946-144x144.jpg 144w\" sizes=\"(max-width: 150px) 100vw, 150px\" \/><\/a>\n\t\t\t<\/dt><\/dl><dl class='gallery-item'>\n\t\t\t<dt class='gallery-icon landscape'>\n\t\t\t\t<a href='https:\/\/comitevolley53.fr\/907d3935-4b3f-47b9-b1a1-017ffecfeb02\/'><img loading=\"lazy\" decoding=\"async\" width=\"150\" height=\"150\" src=\"https:\/\/comitevolley53.fr\/wp-content\/uploads\/2022\/05\/907d3935-4b3f-47b9-b1a1-017ffecfeb02-150x150.jpg\" class=\"attachment-thumbnail size-thumbnail\" alt=\"\" srcset=\"https:\/\/comitevolley53.fr\/wp-content\/uploads\/2022\/05\/907d3935-4b3f-47b9-b1a1-017ffecfeb02-150x150.jpg 150w, https:\/\/comitevolley53.fr\/wp-content\/uploads\/2022\/05\/907d3935-4b3f-47b9-b1a1-017ffecfeb02-300x300.jpg 300w, https:\/\/comitevolley53.fr\/wp-content\/uploads\/2022\/05\/907d3935-4b3f-47b9-b1a1-017ffecfeb02-100x100.jpg 100w, https:\/\/comitevolley53.fr\/wp-content\/uploads\/2022\/05\/907d3935-4b3f-47b9-b1a1-017ffecfeb02-144x144.jpg 144w\" sizes=\"(max-width: 150px) 100vw, 150px\" \/><\/a>\n\t\t\t<\/dt><\/dl><dl class='gallery-item'>\n\t\t\t<dt class='gallery-icon landscape'>\n\t\t\t\t<a href='https:\/\/comitevolley53.fr\/044c78ab-b34a-43eb-899e-d7eba5498a6f\/'><img loading=\"lazy\" decoding=\"async\" width=\"150\" height=\"150\" src=\"https:\/\/comitevolley53.fr\/wp-content\/uploads\/2022\/05\/044c78ab-b34a-43eb-899e-d7eba5498a6f-150x150.jpg\" class=\"attachment-thumbnail size-thumbnail\" alt=\"\" srcset=\"https:\/\/comitevolley53.fr\/wp-content\/uploads\/2022\/05\/044c78ab-b34a-43eb-899e-d7eba5498a6f-150x150.jpg 150w, https:\/\/comitevolley53.fr\/wp-content\/uploads\/2022\/05\/044c78ab-b34a-43eb-899e-d7eba5498a6f-300x300.jpg 300w, https:\/\/comitevolley53.fr\/wp-content\/uploads\/2022\/05\/044c78ab-b34a-43eb-899e-d7eba5498a6f-100x100.jpg 100w, https:\/\/comitevolley53.fr\/wp-content\/uploads\/2022\/05\/044c78ab-b34a-43eb-899e-d7eba5498a6f-144x144.jpg 144w\" sizes=\"(max-width: 150px) 100vw, 150px\" \/><\/a>\n\t\t\t<\/dt><\/dl><br style=\"clear: both\" \/>\n\t\t<\/div>\n<h4 style=\"text-align: center;\"><strong>Quelques photos de la derni\u00e8re matin\u00e9e des V&rsquo;Olympiades \u00e0 L&rsquo;Huisserie le 30\/04\/2022<\/strong><\/h4>\t\t\t\t\t\t\t\t<\/div>\n\t\t\t\t<\/div>\n\t\t\t\t\t<\/div>\n\t\t<\/div>\n\t\t\t\t\t<\/div>\n\t\t<\/section>\n\t\t\t\t<\/div>\n\t\t","protected":false},"excerpt":{"rendered":"<p>DOSSIER DE PRESENTATION DATES ET LIEUX DES V&rsquo;OLYMPIADES 2021\/2022 Quelques photos de la derni\u00e8re matin\u00e9e des V&rsquo;Olympiades \u00e0 L&rsquo;Huisserie le 30\/04\/2022<\/p>\n","protected":false},"author":1,"featured_media":0,"parent":0,"menu_order":0,"comment_status":"closed","ping_status":"closed","template":"","meta":{"footnotes":""},"class_list":["post-334","page","type-page","status-publish","hentry"],"_links":{"self":[{"href":"https:\/\/comitevolley53.fr\/index.php\/wp-json\/wp\/v2\/pages\/334","targetHints":{"allow":["GET"]}}],"collection":[{"href":"https:\/\/comitevolley53.fr\/index.php\/wp-json\/wp\/v2\/pages"}],"about":[{"href":"https:\/\/comitevolley53.fr\/index.php\/wp-json\/wp\/v2\/types\/page"}],"author":[{"embeddable":true,"href":"https:\/\/comitevolley53.fr\/index.php\/wp-json\/wp\/v2\/users\/1"}],"replies":[{"embeddable":true,"href":"https:\/\/comitevolley53.fr\/index.php\/wp-json\/wp\/v2\/comments?post=334"}],"version-history":[{"count":72,"href":"https:\/\/comitevolley53.fr\/index.php\/wp-json\/wp\/v2\/pages\/334\/revisions"}],"predecessor-version":[{"id":2592,"href":"https:\/\/comitevolley53.fr\/index.php\/wp-json\/wp\/v2\/pages\/334\/revisions\/2592"}],"wp:attachment":[{"href":"https:\/\/comitevolley53.fr\/index.php\/wp-json\/wp\/v2\/media?parent=334"}],"curies":[{"name":"wp","href":"https:\/\/api.w.org\/{rel}","templated":true}]}}