{"id":337,"date":"2019-04-30T09:50:31","date_gmt":"2019-04-30T07:50:31","guid":{"rendered":"http:\/\/comitevolley53.fr\/wp\/?page_id=337"},"modified":"2023-03-20T09:54:17","modified_gmt":"2023-03-20T08:54:17","slug":"s-s-s","status":"publish","type":"page","link":"https:\/\/comitevolley53.fr\/index.php\/s-s-s\/","title":{"rendered":"S.S.S"},"content":{"rendered":"\t\t<div data-elementor-type=\"wp-post\" data-elementor-id=\"337\" class=\"elementor elementor-337\">\n\t\t\t\t\t\t<section class=\"elementor-section elementor-top-section elementor-element elementor-element-da88cce elementor-section-boxed elementor-section-height-default elementor-section-height-default\" data-id=\"da88cce\" data-element_type=\"section\" data-e-type=\"section\">\n\t\t\t\t\t\t<div class=\"elementor-container elementor-column-gap-default\">\n\t\t\t\t\t<div class=\"elementor-column elementor-col-50 elementor-top-column elementor-element elementor-element-7f5f06f\" data-id=\"7f5f06f\" data-element_type=\"column\" data-e-type=\"column\">\n\t\t\t<div class=\"elementor-widget-wrap elementor-element-populated\">\n\t\t\t\t\t\t<div class=\"elementor-element elementor-element-091dd1f elementor-widget elementor-widget-text-editor\" data-id=\"091dd1f\" data-element_type=\"widget\" data-e-type=\"widget\" data-widget_type=\"text-editor.default\">\n\t\t\t\t<div class=\"elementor-widget-container\">\n\t\t\t\t\t\t\t\t\t<h6><span style=\"text-decoration: underline;\"><strong>PORTES OUVERTES VENDREDI 6 JANVIER 2023 :<\/strong><\/span><\/h6><h6 dir=\"ltr\">Les 20 \u00e9l\u00e8ves de la section \u00e9taient pr\u00e9sents. 2 filles, potentielles recrues, sont venues essayer<\/h6>\n\t\t<style type=\"text\/css\">\n\t\t\t#gallery-1 {\n\t\t\t\tmargin: auto;\n\t\t\t}\n\t\t\t#gallery-1 .gallery-item {\n\t\t\t\tfloat: left;\n\t\t\t\tmargin-top: 10px;\n\t\t\t\ttext-align: center;\n\t\t\t\twidth: 100%;\n\t\t\t}\n\t\t\t#gallery-1 img {\n\t\t\t\tborder: 2px solid #cfcfcf;\n\t\t\t}\n\t\t\t#gallery-1 .gallery-caption {\n\t\t\t\tmargin-left: 0;\n\t\t\t}\n\t\t\t\/* see gallery_shortcode() in wp-includes\/media.php *\/\n\t\t<\/style>\n\t\t<div id='gallery-1' class='gallery galleryid-337 gallery-columns-1 gallery-size-thumbnail'><dl class='gallery-item'>\n\t\t\t<dt class='gallery-icon landscape'>\n\t\t\t\t<a href='https:\/\/comitevolley53.fr\/20230106_1606513\/'><img decoding=\"async\" width=\"150\" height=\"150\" src=\"https:\/\/comitevolley53.fr\/wp-content\/uploads\/2023\/01\/20230106_1606513-150x150.jpg\" class=\"attachment-thumbnail size-thumbnail\" alt=\"\" srcset=\"https:\/\/comitevolley53.fr\/wp-content\/uploads\/2023\/01\/20230106_1606513-150x150.jpg 150w, https:\/\/comitevolley53.fr\/wp-content\/uploads\/2023\/01\/20230106_1606513-300x300.jpg 300w, https:\/\/comitevolley53.fr\/wp-content\/uploads\/2023\/01\/20230106_1606513-100x100.jpg 100w, https:\/\/comitevolley53.fr\/wp-content\/uploads\/2023\/01\/20230106_1606513-144x144.jpg 144w\" sizes=\"(max-width: 150px) 100vw, 150px\" \/><\/a>\n\t\t\t<\/dt><\/dl><br style=\"clear: both\" \/><dl class='gallery-item'>\n\t\t\t<dt class='gallery-icon landscape'>\n\t\t\t\t<a href='https:\/\/comitevolley53.fr\/20230106_1607193\/'><img decoding=\"async\" width=\"150\" height=\"150\" src=\"https:\/\/comitevolley53.fr\/wp-content\/uploads\/2023\/01\/20230106_1607193-150x150.jpg\" class=\"attachment-thumbnail size-thumbnail\" alt=\"\" srcset=\"https:\/\/comitevolley53.fr\/wp-content\/uploads\/2023\/01\/20230106_1607193-150x150.jpg 150w, https:\/\/comitevolley53.fr\/wp-content\/uploads\/2023\/01\/20230106_1607193-300x300.jpg 300w, https:\/\/comitevolley53.fr\/wp-content\/uploads\/2023\/01\/20230106_1607193-100x100.jpg 100w, https:\/\/comitevolley53.fr\/wp-content\/uploads\/2023\/01\/20230106_1607193-144x144.jpg 144w\" sizes=\"(max-width: 150px) 100vw, 150px\" \/><\/a>\n\t\t\t<\/dt><\/dl><br style=\"clear: both\" \/>\n\t\t<\/div>\n<h5><span style=\"text-decoration: underline;\"><strong>Mercredi 18 Janvier 2023<\/strong><\/span> : matchs inter-acad\u00e9miques pour les minimes gar\u00e7ons \u00e0 Tours. Un match gagn\u00e9 et un match perdu. Ils finissent 2\u00e8me. Affaire \u00e0 suivre pour une qualification pour la suite ou non&#8230;.<\/h5><p><img decoding=\"async\" class=\"details-image\" draggable=\"false\" src=\"http:\/\/comitevolley53.fr\/wp-content\/uploads\/2023\/01\/20230118_1709041-1024x768.jpg\" alt=\"\" \/><\/p>\t\t\t\t\t\t\t\t<\/div>\n\t\t\t\t<\/div>\n\t\t\t\t\t<\/div>\n\t\t<\/div>\n\t\t\t\t<div class=\"elementor-column elementor-col-50 elementor-top-column elementor-element elementor-element-0f23692\" data-id=\"0f23692\" data-element_type=\"column\" data-e-type=\"column\">\n\t\t\t<div class=\"elementor-widget-wrap elementor-element-populated\">\n\t\t\t\t\t\t<div class=\"elementor-element elementor-element-bbeff5d elementor-widget elementor-widget-text-editor\" data-id=\"bbeff5d\" data-element_type=\"widget\" data-e-type=\"widget\" data-widget_type=\"text-editor.default\">\n\t\t\t\t<div class=\"elementor-widget-container\">\n\t\t\t\t\t\t\t\t\t<h6 style=\"text-align: center;\"><strong>TESTS ENTREE SAISON 2023\/2024<\/strong><\/h6><h6><img fetchpriority=\"high\" decoding=\"async\" class=\"aligncenter\" src=\"http:\/\/comitevolley53.fr\/wp-content\/uploads\/2023\/03\/%E2%98%85-Jaques-MONOD-%E2%98%85-1-724x1024.png\" width=\"245\" height=\"343\" \/><\/h6><h6>\u00a0<\/h6><h6>\u00a0<\/h6><h6>Retour en images sur le match inter-acad\u00e9mique opposant notre section minimes filles de Jacques Monod \u00e0 Tours, le Mercredi 11 Janvier 2023. Match perdu 3\/1 malgr\u00e9 une tr\u00e8s belle r\u00e9sistance des filles. Bravo \u00e0 elles car elles n&rsquo;ont rien l\u00e2ch\u00e9! Et merci aux gar\u00e7ons d&rsquo;\u00eatre venus les supporter!!!!<\/h6>\n\t\t<style type=\"text\/css\">\n\t\t\t#gallery-2 {\n\t\t\t\tmargin: auto;\n\t\t\t}\n\t\t\t#gallery-2 .gallery-item {\n\t\t\t\tfloat: left;\n\t\t\t\tmargin-top: 10px;\n\t\t\t\ttext-align: center;\n\t\t\t\twidth: 33%;\n\t\t\t}\n\t\t\t#gallery-2 img {\n\t\t\t\tborder: 2px solid #cfcfcf;\n\t\t\t}\n\t\t\t#gallery-2 .gallery-caption {\n\t\t\t\tmargin-left: 0;\n\t\t\t}\n\t\t\t\/* see gallery_shortcode() in wp-includes\/media.php *\/\n\t\t<\/style>\n\t\t<div id='gallery-2' class='gallery galleryid-337 gallery-columns-3 gallery-size-thumbnail'><dl class='gallery-item'>\n\t\t\t<dt class='gallery-icon landscape'>\n\t\t\t\t<a href='https:\/\/comitevolley53.fr\/img_20230111_134450\/'><img loading=\"lazy\" decoding=\"async\" width=\"150\" height=\"150\" src=\"https:\/\/comitevolley53.fr\/wp-content\/uploads\/2023\/01\/IMG_20230111_134450-150x150.jpg\" class=\"attachment-thumbnail size-thumbnail\" alt=\"\" srcset=\"https:\/\/comitevolley53.fr\/wp-content\/uploads\/2023\/01\/IMG_20230111_134450-150x150.jpg 150w, https:\/\/comitevolley53.fr\/wp-content\/uploads\/2023\/01\/IMG_20230111_134450-300x300.jpg 300w, https:\/\/comitevolley53.fr\/wp-content\/uploads\/2023\/01\/IMG_20230111_134450-100x100.jpg 100w, https:\/\/comitevolley53.fr\/wp-content\/uploads\/2023\/01\/IMG_20230111_134450-144x144.jpg 144w\" sizes=\"(max-width: 150px) 100vw, 150px\" \/><\/a>\n\t\t\t<\/dt><\/dl><dl class='gallery-item'>\n\t\t\t<dt class='gallery-icon landscape'>\n\t\t\t\t<a href='https:\/\/comitevolley53.fr\/img_20230111_133620\/'><img loading=\"lazy\" decoding=\"async\" width=\"150\" height=\"150\" src=\"https:\/\/comitevolley53.fr\/wp-content\/uploads\/2023\/01\/IMG_20230111_133620-150x150.jpg\" class=\"attachment-thumbnail size-thumbnail\" alt=\"\" srcset=\"https:\/\/comitevolley53.fr\/wp-content\/uploads\/2023\/01\/IMG_20230111_133620-150x150.jpg 150w, https:\/\/comitevolley53.fr\/wp-content\/uploads\/2023\/01\/IMG_20230111_133620-300x300.jpg 300w, https:\/\/comitevolley53.fr\/wp-content\/uploads\/2023\/01\/IMG_20230111_133620-100x100.jpg 100w, https:\/\/comitevolley53.fr\/wp-content\/uploads\/2023\/01\/IMG_20230111_133620-144x144.jpg 144w\" sizes=\"(max-width: 150px) 100vw, 150px\" \/><\/a>\n\t\t\t<\/dt><\/dl><dl class='gallery-item'>\n\t\t\t<dt class='gallery-icon landscape'>\n\t\t\t\t<a href='https:\/\/comitevolley53.fr\/img_20230111_134500\/'><img loading=\"lazy\" decoding=\"async\" width=\"150\" height=\"150\" src=\"https:\/\/comitevolley53.fr\/wp-content\/uploads\/2023\/01\/IMG_20230111_134500-150x150.jpg\" class=\"attachment-thumbnail size-thumbnail\" alt=\"\" srcset=\"https:\/\/comitevolley53.fr\/wp-content\/uploads\/2023\/01\/IMG_20230111_134500-150x150.jpg 150w, https:\/\/comitevolley53.fr\/wp-content\/uploads\/2023\/01\/IMG_20230111_134500-300x300.jpg 300w, https:\/\/comitevolley53.fr\/wp-content\/uploads\/2023\/01\/IMG_20230111_134500-100x100.jpg 100w, https:\/\/comitevolley53.fr\/wp-content\/uploads\/2023\/01\/IMG_20230111_134500-144x144.jpg 144w\" sizes=\"(max-width: 150px) 100vw, 150px\" \/><\/a>\n\t\t\t<\/dt><\/dl><br style=\"clear: both\" \/><dl class='gallery-item'>\n\t\t\t<dt class='gallery-icon landscape'>\n\t\t\t\t<a href='https:\/\/comitevolley53.fr\/img_20230111_135936\/'><img loading=\"lazy\" decoding=\"async\" width=\"150\" height=\"150\" src=\"https:\/\/comitevolley53.fr\/wp-content\/uploads\/2023\/01\/IMG_20230111_135936-150x150.jpg\" class=\"attachment-thumbnail size-thumbnail\" alt=\"\" srcset=\"https:\/\/comitevolley53.fr\/wp-content\/uploads\/2023\/01\/IMG_20230111_135936-150x150.jpg 150w, https:\/\/comitevolley53.fr\/wp-content\/uploads\/2023\/01\/IMG_20230111_135936-300x300.jpg 300w, https:\/\/comitevolley53.fr\/wp-content\/uploads\/2023\/01\/IMG_20230111_135936-100x100.jpg 100w, https:\/\/comitevolley53.fr\/wp-content\/uploads\/2023\/01\/IMG_20230111_135936-144x144.jpg 144w\" sizes=\"(max-width: 150px) 100vw, 150px\" \/><\/a>\n\t\t\t<\/dt><\/dl><dl class='gallery-item'>\n\t\t\t<dt class='gallery-icon landscape'>\n\t\t\t\t<a href='https:\/\/comitevolley53.fr\/img_20230111_141507\/'><img loading=\"lazy\" decoding=\"async\" width=\"150\" height=\"150\" src=\"https:\/\/comitevolley53.fr\/wp-content\/uploads\/2023\/01\/IMG_20230111_141507-150x150.jpg\" class=\"attachment-thumbnail size-thumbnail\" alt=\"\" srcset=\"https:\/\/comitevolley53.fr\/wp-content\/uploads\/2023\/01\/IMG_20230111_141507-150x150.jpg 150w, https:\/\/comitevolley53.fr\/wp-content\/uploads\/2023\/01\/IMG_20230111_141507-300x300.jpg 300w, https:\/\/comitevolley53.fr\/wp-content\/uploads\/2023\/01\/IMG_20230111_141507-100x100.jpg 100w, https:\/\/comitevolley53.fr\/wp-content\/uploads\/2023\/01\/IMG_20230111_141507-144x144.jpg 144w\" sizes=\"(max-width: 150px) 100vw, 150px\" \/><\/a>\n\t\t\t<\/dt><\/dl><dl class='gallery-item'>\n\t\t\t<dt class='gallery-icon landscape'>\n\t\t\t\t<a href='https:\/\/comitevolley53.fr\/img_20230111_141544\/'><img loading=\"lazy\" decoding=\"async\" width=\"150\" height=\"150\" src=\"https:\/\/comitevolley53.fr\/wp-content\/uploads\/2023\/01\/IMG_20230111_141544-150x150.jpg\" class=\"attachment-thumbnail size-thumbnail\" alt=\"\" srcset=\"https:\/\/comitevolley53.fr\/wp-content\/uploads\/2023\/01\/IMG_20230111_141544-150x150.jpg 150w, https:\/\/comitevolley53.fr\/wp-content\/uploads\/2023\/01\/IMG_20230111_141544-300x300.jpg 300w, https:\/\/comitevolley53.fr\/wp-content\/uploads\/2023\/01\/IMG_20230111_141544-100x100.jpg 100w, https:\/\/comitevolley53.fr\/wp-content\/uploads\/2023\/01\/IMG_20230111_141544-144x144.jpg 144w\" sizes=\"(max-width: 150px) 100vw, 150px\" \/><\/a>\n\t\t\t<\/dt><\/dl><br style=\"clear: both\" \/><dl class='gallery-item'>\n\t\t\t<dt class='gallery-icon landscape'>\n\t\t\t\t<a href='https:\/\/comitevolley53.fr\/img_20230111_141557\/'><img loading=\"lazy\" decoding=\"async\" width=\"150\" height=\"150\" src=\"https:\/\/comitevolley53.fr\/wp-content\/uploads\/2023\/01\/IMG_20230111_141557-150x150.jpg\" class=\"attachment-thumbnail size-thumbnail\" alt=\"\" srcset=\"https:\/\/comitevolley53.fr\/wp-content\/uploads\/2023\/01\/IMG_20230111_141557-150x150.jpg 150w, https:\/\/comitevolley53.fr\/wp-content\/uploads\/2023\/01\/IMG_20230111_141557-300x300.jpg 300w, https:\/\/comitevolley53.fr\/wp-content\/uploads\/2023\/01\/IMG_20230111_141557-100x100.jpg 100w, https:\/\/comitevolley53.fr\/wp-content\/uploads\/2023\/01\/IMG_20230111_141557-144x144.jpg 144w\" sizes=\"(max-width: 150px) 100vw, 150px\" \/><\/a>\n\t\t\t<\/dt><\/dl><dl class='gallery-item'>\n\t\t\t<dt class='gallery-icon landscape'>\n\t\t\t\t<a href='https:\/\/comitevolley53.fr\/img_20230111_142757\/'><img loading=\"lazy\" decoding=\"async\" width=\"150\" height=\"150\" src=\"https:\/\/comitevolley53.fr\/wp-content\/uploads\/2023\/01\/IMG_20230111_142757-150x150.jpg\" class=\"attachment-thumbnail size-thumbnail\" alt=\"\" srcset=\"https:\/\/comitevolley53.fr\/wp-content\/uploads\/2023\/01\/IMG_20230111_142757-150x150.jpg 150w, https:\/\/comitevolley53.fr\/wp-content\/uploads\/2023\/01\/IMG_20230111_142757-300x300.jpg 300w, https:\/\/comitevolley53.fr\/wp-content\/uploads\/2023\/01\/IMG_20230111_142757-100x100.jpg 100w, https:\/\/comitevolley53.fr\/wp-content\/uploads\/2023\/01\/IMG_20230111_142757-144x144.jpg 144w\" sizes=\"(max-width: 150px) 100vw, 150px\" \/><\/a>\n\t\t\t<\/dt><\/dl><dl class='gallery-item'>\n\t\t\t<dt class='gallery-icon landscape'>\n\t\t\t\t<a href='https:\/\/comitevolley53.fr\/img_20230111_142841\/'><img loading=\"lazy\" decoding=\"async\" width=\"150\" height=\"150\" src=\"https:\/\/comitevolley53.fr\/wp-content\/uploads\/2023\/01\/IMG_20230111_142841-150x150.jpg\" class=\"attachment-thumbnail size-thumbnail\" alt=\"\" srcset=\"https:\/\/comitevolley53.fr\/wp-content\/uploads\/2023\/01\/IMG_20230111_142841-150x150.jpg 150w, https:\/\/comitevolley53.fr\/wp-content\/uploads\/2023\/01\/IMG_20230111_142841-300x300.jpg 300w, https:\/\/comitevolley53.fr\/wp-content\/uploads\/2023\/01\/IMG_20230111_142841-100x100.jpg 100w, https:\/\/comitevolley53.fr\/wp-content\/uploads\/2023\/01\/IMG_20230111_142841-144x144.jpg 144w\" sizes=\"(max-width: 150px) 100vw, 150px\" \/><\/a>\n\t\t\t<\/dt><\/dl><br style=\"clear: both\" \/><dl class='gallery-item'>\n\t\t\t<dt class='gallery-icon landscape'>\n\t\t\t\t<a href='https:\/\/comitevolley53.fr\/img_20230111_142902\/'><img loading=\"lazy\" decoding=\"async\" width=\"150\" height=\"150\" src=\"https:\/\/comitevolley53.fr\/wp-content\/uploads\/2023\/01\/IMG_20230111_142902-150x150.jpg\" class=\"attachment-thumbnail size-thumbnail\" alt=\"\" srcset=\"https:\/\/comitevolley53.fr\/wp-content\/uploads\/2023\/01\/IMG_20230111_142902-150x150.jpg 150w, https:\/\/comitevolley53.fr\/wp-content\/uploads\/2023\/01\/IMG_20230111_142902-300x300.jpg 300w, https:\/\/comitevolley53.fr\/wp-content\/uploads\/2023\/01\/IMG_20230111_142902-100x100.jpg 100w, https:\/\/comitevolley53.fr\/wp-content\/uploads\/2023\/01\/IMG_20230111_142902-144x144.jpg 144w\" sizes=\"(max-width: 150px) 100vw, 150px\" \/><\/a>\n\t\t\t<\/dt><\/dl><dl class='gallery-item'>\n\t\t\t<dt class='gallery-icon landscape'>\n\t\t\t\t<a href='https:\/\/comitevolley53.fr\/img_20230111_145538\/'><img loading=\"lazy\" decoding=\"async\" width=\"150\" height=\"150\" src=\"https:\/\/comitevolley53.fr\/wp-content\/uploads\/2023\/01\/IMG_20230111_145538-150x150.jpg\" class=\"attachment-thumbnail size-thumbnail\" alt=\"\" srcset=\"https:\/\/comitevolley53.fr\/wp-content\/uploads\/2023\/01\/IMG_20230111_145538-150x150.jpg 150w, https:\/\/comitevolley53.fr\/wp-content\/uploads\/2023\/01\/IMG_20230111_145538-300x300.jpg 300w, https:\/\/comitevolley53.fr\/wp-content\/uploads\/2023\/01\/IMG_20230111_145538-100x100.jpg 100w, https:\/\/comitevolley53.fr\/wp-content\/uploads\/2023\/01\/IMG_20230111_145538-144x144.jpg 144w\" sizes=\"(max-width: 150px) 100vw, 150px\" \/><\/a>\n\t\t\t<\/dt><\/dl><dl class='gallery-item'>\n\t\t\t<dt class='gallery-icon landscape'>\n\t\t\t\t<a href='https:\/\/comitevolley53.fr\/img_20230111_152118\/'><img loading=\"lazy\" decoding=\"async\" width=\"150\" height=\"150\" src=\"https:\/\/comitevolley53.fr\/wp-content\/uploads\/2023\/01\/IMG_20230111_152118-150x150.jpg\" class=\"attachment-thumbnail size-thumbnail\" alt=\"\" srcset=\"https:\/\/comitevolley53.fr\/wp-content\/uploads\/2023\/01\/IMG_20230111_152118-150x150.jpg 150w, https:\/\/comitevolley53.fr\/wp-content\/uploads\/2023\/01\/IMG_20230111_152118-300x300.jpg 300w, https:\/\/comitevolley53.fr\/wp-content\/uploads\/2023\/01\/IMG_20230111_152118-100x100.jpg 100w, https:\/\/comitevolley53.fr\/wp-content\/uploads\/2023\/01\/IMG_20230111_152118-144x144.jpg 144w\" sizes=\"(max-width: 150px) 100vw, 150px\" \/><\/a>\n\t\t\t<\/dt><\/dl><br style=\"clear: both\" \/>\n\t\t<\/div>\n\t\t\t\t\t\t\t\t<\/div>\n\t\t\t\t<\/div>\n\t\t\t\t\t<\/div>\n\t\t<\/div>\n\t\t\t\t\t<\/div>\n\t\t<\/section>\n\t\t\t\t<section class=\"elementor-section elementor-top-section elementor-element elementor-element-8cc5319 elementor-section-boxed elementor-section-height-default elementor-section-height-default\" data-id=\"8cc5319\" data-element_type=\"section\" data-e-type=\"section\">\n\t\t\t\t\t\t<div class=\"elementor-container elementor-column-gap-default\">\n\t\t\t\t\t<div class=\"elementor-column elementor-col-100 elementor-top-column elementor-element elementor-element-95536cd\" data-id=\"95536cd\" data-element_type=\"column\" data-e-type=\"column\">\n\t\t\t<div class=\"elementor-widget-wrap elementor-element-populated\">\n\t\t\t\t\t\t<div class=\"elementor-element elementor-element-3432d4c elementor-widget elementor-widget-text-editor\" data-id=\"3432d4c\" data-element_type=\"widget\" data-e-type=\"widget\" data-widget_type=\"text-editor.default\">\n\t\t\t\t<div class=\"elementor-widget-container\">\n\t\t\t\t\t\t\t\t\t<h6>La section sportive scolaire de volley ball a d\u00e9but\u00e9 \u00e0 la rentr\u00e9e scolaire en septembre 2007.<\/h6><h6>Elle est situ\u00e9e au coll\u00e8ge Jacques Monod \u00e0 Laval.<\/h6><h6>Elle permet aux \u00e9l\u00e8ves de suivre les cours avec un emploi du temps am\u00e9nag\u00e9 pour faire des entra\u00eenements de 15 h 30 \u00e0 17 h 30 le mardi, le jeudi et le vendredi de chaque semaine.<\/h6><h6>Un suivi particulier est mis en place au niveau scolaire, au niveau sportif et au niveau m\u00e9dical.<\/h6><h6>Des \u00e9l\u00e8ves des classes de 6\u00e8me \u00e0 3\u00e8me sont inscrits cette ann\u00e9e \u00e0 la SSS.<\/h6><h6>Les \u00e9l\u00e8ves de CM2 qui entrent en 6\u00e8me peuvent participer \u00e0 une journ\u00e9e \u00ab\u00a0Portes Ouvertes\u00a0\u00bb au Coll\u00e8ge Jacques Monod \u00e0 Laval.<\/h6><h6><span style=\"color: black;\">Pour acc\u00e9der \u00e0 cette SSS, il suffit juste de<\/span> passer un test d\u2019entr\u00e9e (la date est fix\u00e9e chaque ann\u00e9e un samedi et l&rsquo;information apparait sur la page d&rsquo;accueil du site) Salle Constant Laisis (Salle des Sports du Coll\u00e8ge J. Monod \u00e0 Laval)<\/h6><h6><a href=\"http:\/\/comitevolley53.fr\/wp-content\/uploads\/2019\/04\/clip_sss.wmv\" target=\"_blank\" rel=\"noopener\">Video de la S.S.S<\/a><\/h6>\t\t\t\t\t\t\t\t<\/div>\n\t\t\t\t<\/div>\n\t\t\t\t\t<\/div>\n\t\t<\/div>\n\t\t\t\t\t<\/div>\n\t\t<\/section>\n\t\t\t\t<\/div>\n\t\t","protected":false},"excerpt":{"rendered":"<p>PORTES OUVERTES VENDREDI 6 JANVIER 2023 : Les 20 \u00e9l\u00e8ves de la section \u00e9taient pr\u00e9sents. 2 filles, potentielles recrues, sont venues essayer Mercredi 18 Janvier 2023 : matchs inter-acad\u00e9miques pour [&hellip;]<\/p>\n","protected":false},"author":1,"featured_media":0,"parent":0,"menu_order":0,"comment_status":"closed","ping_status":"closed","template":"","meta":{"footnotes":""},"class_list":["post-337","page","type-page","status-publish","hentry"],"_links":{"self":[{"href":"https:\/\/comitevolley53.fr\/index.php\/wp-json\/wp\/v2\/pages\/337","targetHints":{"allow":["GET"]}}],"collection":[{"href":"https:\/\/comitevolley53.fr\/index.php\/wp-json\/wp\/v2\/pages"}],"about":[{"href":"https:\/\/comitevolley53.fr\/index.php\/wp-json\/wp\/v2\/types\/page"}],"author":[{"embeddable":true,"href":"https:\/\/comitevolley53.fr\/index.php\/wp-json\/wp\/v2\/users\/1"}],"replies":[{"embeddable":true,"href":"https:\/\/comitevolley53.fr\/index.php\/wp-json\/wp\/v2\/comments?post=337"}],"version-history":[{"count":43,"href":"https:\/\/comitevolley53.fr\/index.php\/wp-json\/wp\/v2\/pages\/337\/revisions"}],"predecessor-version":[{"id":2993,"href":"https:\/\/comitevolley53.fr\/index.php\/wp-json\/wp\/v2\/pages\/337\/revisions\/2993"}],"wp:attachment":[{"href":"https:\/\/comitevolley53.fr\/index.php\/wp-json\/wp\/v2\/media?parent=337"}],"curies":[{"name":"wp","href":"https:\/\/api.w.org\/{rel}","templated":true}]}}