{"id":3802,"date":"2026-01-15T10:03:49","date_gmt":"2026-01-15T09:03:49","guid":{"rendered":"https:\/\/comitevolley53.fr\/?page_id=3802"},"modified":"2026-01-15T10:33:44","modified_gmt":"2026-01-15T09:33:44","slug":"tournoi-soft-volley","status":"publish","type":"page","link":"https:\/\/comitevolley53.fr\/index.php\/tournois\/tournoi-soft-volley\/","title":{"rendered":"Tournoi SOFT VOLLEY"},"content":{"rendered":"\t\t<div data-elementor-type=\"wp-page\" data-elementor-id=\"3802\" class=\"elementor elementor-3802\">\n\t\t\t\t\t\t<section class=\"elementor-section elementor-top-section elementor-element elementor-element-9f53aa4 elementor-section-boxed elementor-section-height-default elementor-section-height-default\" data-id=\"9f53aa4\" data-element_type=\"section\" data-e-type=\"section\">\n\t\t\t\t\t\t<div class=\"elementor-container elementor-column-gap-default\">\n\t\t\t\t\t<div class=\"elementor-column elementor-col-100 elementor-top-column elementor-element elementor-element-ac04f6f\" data-id=\"ac04f6f\" data-element_type=\"column\" data-e-type=\"column\">\n\t\t\t<div class=\"elementor-widget-wrap elementor-element-populated\">\n\t\t\t\t\t\t<div class=\"elementor-element elementor-element-2b326df elementor-widget elementor-widget-text-editor\" data-id=\"2b326df\" data-element_type=\"widget\" data-e-type=\"widget\" data-widget_type=\"text-editor.default\">\n\t\t\t\t<div class=\"elementor-widget-container\">\n\t\t\t\t\t\t\t\t\t<p class=\"x_MsoNormal\">Le Comit\u00e9 D\u00e9partemental de Volley de la Mayenne et le Club de Volley de Ch\u00e2teau-Gontier ont le plaisir de vous inviter \u00e0 participer \u00e0 un tournoi de\u00a0Soft Volley, une occasion de d\u00e9couvrir une pratique plus accessible et ludique du volley-ball !<\/p><p class=\"x_MsoNormal\"><b>Pourquoi participer ?<\/b><\/p><p class=\"x_MsoNormal\">Le Soft Volley est une version plus douce et plus accessible du volley traditionnel, qui permet \u00e0 tous, m\u00eame \u00e0 ceux qui n&rsquo;ont pas l&rsquo;habitude de jouer au volley (ou qui ont peur du ballon !), de s&rsquo;amuser et de participer \u00e0 une activit\u00e9 sportive collective. Il s&rsquo;agit d&rsquo;une version o\u00f9 les r\u00e8gles sont adapt\u00e9es pour que tout le monde, quel que soit son niveau, puisse prendre du plaisir. Le ballon est plus l\u00e9ger, moins rapide, et les \u00e9changes sont plus fluides, ce qui rend la pratique moins intimidante et plus inclusive.<\/p><p class=\"x_MsoNormal\"><b>C&rsquo;est l&rsquo;occasion id\u00e9ale pour<\/b>\u00a0:<\/p><ul type=\"disc\"><li class=\"x_MsoNormal\">Faire d\u00e9couvrir le volley \u00e0 des personnes qui n&rsquo;y ont pas encore go\u00fbt\u00e9.<\/li><li class=\"x_MsoNormal\">Offrir une activit\u00e9 sportive originale et conviviale aux \u00e9quipes qui participent habituellement \u00e0 nos tournois inter-entreprise.<\/li><li class=\"x_MsoNormal\">Cr\u00e9er des moments de partage et de fun, en m\u00e9langeant les joueurs de diff\u00e9rentes disciplines et horizons.<\/li><li class=\"x_MsoNormal\">\u00a0<\/li><\/ul><p class=\"x_MsoNormal\"><b>Les diff\u00e9rences avec le volley traditionnel<\/b>\u00a0:<\/p><ul type=\"disc\"><li class=\"x_MsoNormal\">Le ballon\u00a0: Plus l\u00e9ger et moins dur, pour r\u00e9duire les risques de blessures et rendre les \u00e9changes plus agr\u00e9ables.<\/li><li class=\"x_MsoNormal\">Le terrain et le filet\u00a0: Plus petit, de la taille d\u2019un terrain de badminton. Le filet est aussi moins haut (2m).<\/li><li class=\"x_MsoNormal\">Les r\u00e8gles\u00a0: Moins strictes et adapt\u00e9es \u00e0 un jeu plus fluide et ludique. Pas de service saut\u00e9, \u2026<\/li><li class=\"x_MsoNormal\">L&rsquo;objectif\u00a0: Avant tout, s&rsquo;amuser, se d\u00e9tendre et favoriser l&rsquo;inclusion, en permettant \u00e0 tous de jouer sans pression !<\/li><\/ul><p class=\"x_MsoNormal\">Nous vous invitons donc \u00e0\u00a0former une \u00e9quipe\u00a0(4&#215;4) et \u00e0 nous rejoindre pour cet \u00e9v\u00e9nement unique en son genre. L&rsquo;objectif est de r\u00e9unir des joueurs de tous horizons, qu&rsquo;ils soient habitu\u00e9s aux terrains de volley ou qu&rsquo;ils aient simplement envie de passer un bon moment.<\/p><p class=\"x_MsoNormal\"><b>Informations pratiques<\/b>\u00a0:<\/p><ul type=\"disc\"><li class=\"x_MsoNormal\"><b>Date\u00a0:\u00a0Jeudi 26 F\u00e9vrier 2026<\/b><\/li><li class=\"x_MsoNormal\"><b>Lieu\u00a0:\u00a0Salle Am\u00e9lie Le Fur, complexe sportif Le Pressoiras,\u00a0<a href=\"https:\/\/www.google.com\/maps\/place\/data=!4m2!3m1!1s0x4808f43aa93519c5:0x85b4915369946d05?sa=X&amp;ved=1t:8290&amp;ictx=111\" target=\"_blank\" rel=\"noopener noreferrer\">6 Rue des Nations Unies, 53200 Ch\u00e2teau-Gontier-sur-Mayenne<\/a><\/b><\/li><li class=\"x_MsoNormal\"><b>Horaires\u00a0:\u00a0\u00e0 partir de 19h (d\u00e9but 19h45)<\/b><\/li><li class=\"x_MsoNormal\"><b>Modalit\u00e9s d&rsquo;inscription<\/b><b>\u00a0:\u00a0inscription par Hello Asso, jusqu\u2019au 20 f\u00e9vrier 2026 (30\u20ac\/\u00e9quipe), par virement (voir RIB en pi\u00e8ce jointe) ou par ch\u00e8que \u00e0 adresser \u00e0 l&rsquo;adresse du comit\u00e9.<\/b><\/li><\/ul><div><span style=\"color: #212121; font-family: Calibri, Helvetica, sans-serif;\">\u00a0<\/span><\/div><p class=\"x_MsoNormal\">N&rsquo;h\u00e9sitez pas \u00e0 nous contacter si vous avez des questions ou besoin de plus d&rsquo;informations. Nous comptons sur votre pr\u00e9sence pour faire de cet \u00e9v\u00e9nement un v\u00e9ritable succ\u00e8s et une exp\u00e9rience inoubliable !<\/p>\t\t\t\t\t\t\t\t<\/div>\n\t\t\t\t<\/div>\n\t\t\t\t\t<\/div>\n\t\t<\/div>\n\t\t\t\t\t<\/div>\n\t\t<\/section>\n\t\t\t\t<section class=\"elementor-section elementor-top-section elementor-element elementor-element-85b991b elementor-section-boxed elementor-section-height-default elementor-section-height-default\" data-id=\"85b991b\" data-element_type=\"section\" data-e-type=\"section\">\n\t\t\t\t\t\t<div class=\"elementor-container elementor-column-gap-default\">\n\t\t\t\t\t<div class=\"elementor-column elementor-col-50 elementor-top-column elementor-element elementor-element-e5620d8\" data-id=\"e5620d8\" data-element_type=\"column\" data-e-type=\"column\">\n\t\t\t<div class=\"elementor-widget-wrap elementor-element-populated\">\n\t\t\t\t\t\t<div class=\"elementor-element elementor-element-3f5ee83 elementor-widget elementor-widget-image\" data-id=\"3f5ee83\" data-element_type=\"widget\" data-e-type=\"widget\" data-widget_type=\"image.default\">\n\t\t\t\t<div class=\"elementor-widget-container\">\n\t\t\t\t\t\t\t\t\t\t\t\t\t\t\t<img fetchpriority=\"high\" decoding=\"async\" width=\"240\" height=\"300\" src=\"https:\/\/comitevolley53.fr\/wp-content\/uploads\/2026\/01\/Affiche-tournoi-soft-Chateau-Gontier_page-0001-240x300.jpg\" class=\"attachment-medium size-medium wp-image-3809\" alt=\"\" srcset=\"https:\/\/comitevolley53.fr\/wp-content\/uploads\/2026\/01\/Affiche-tournoi-soft-Chateau-Gontier_page-0001-240x300.jpg 240w, https:\/\/comitevolley53.fr\/wp-content\/uploads\/2026\/01\/Affiche-tournoi-soft-Chateau-Gontier_page-0001-819x1024.jpg 819w, https:\/\/comitevolley53.fr\/wp-content\/uploads\/2026\/01\/Affiche-tournoi-soft-Chateau-Gontier_page-0001-768x960.jpg 768w, https:\/\/comitevolley53.fr\/wp-content\/uploads\/2026\/01\/Affiche-tournoi-soft-Chateau-Gontier_page-0001-1229x1536.jpg 1229w, https:\/\/comitevolley53.fr\/wp-content\/uploads\/2026\/01\/Affiche-tournoi-soft-Chateau-Gontier_page-0001-1638x2048.jpg 1638w, https:\/\/comitevolley53.fr\/wp-content\/uploads\/2026\/01\/Affiche-tournoi-soft-Chateau-Gontier_page-0001-600x750.jpg 600w, https:\/\/comitevolley53.fr\/wp-content\/uploads\/2026\/01\/Affiche-tournoi-soft-Chateau-Gontier_page-0001.jpg 1688w\" sizes=\"(max-width: 240px) 100vw, 240px\" \/>\t\t\t\t\t\t\t\t\t\t\t\t\t\t\t<\/div>\n\t\t\t\t<\/div>\n\t\t\t\t\t<\/div>\n\t\t<\/div>\n\t\t\t\t<div class=\"elementor-column elementor-col-50 elementor-top-column elementor-element elementor-element-8d6507d\" data-id=\"8d6507d\" data-element_type=\"column\" data-e-type=\"column\">\n\t\t\t<div class=\"elementor-widget-wrap elementor-element-populated\">\n\t\t\t\t\t\t<div class=\"elementor-element elementor-element-5521c2c elementor-widget elementor-widget-image\" data-id=\"5521c2c\" data-element_type=\"widget\" data-e-type=\"widget\" data-widget_type=\"image.default\">\n\t\t\t\t<div class=\"elementor-widget-container\">\n\t\t\t\t\t\t\t\t\t\t\t\t\t\t\t<img decoding=\"async\" width=\"212\" height=\"300\" src=\"https:\/\/comitevolley53.fr\/wp-content\/uploads\/2026\/01\/fiche-inscription-tournoi-Soft-Volley-Chateau-Gontier-26022026_page-0001-212x300.jpg\" class=\"attachment-medium size-medium wp-image-3810\" alt=\"\" srcset=\"https:\/\/comitevolley53.fr\/wp-content\/uploads\/2026\/01\/fiche-inscription-tournoi-Soft-Volley-Chateau-Gontier-26022026_page-0001-212x300.jpg 212w, https:\/\/comitevolley53.fr\/wp-content\/uploads\/2026\/01\/fiche-inscription-tournoi-Soft-Volley-Chateau-Gontier-26022026_page-0001-724x1024.jpg 724w, https:\/\/comitevolley53.fr\/wp-content\/uploads\/2026\/01\/fiche-inscription-tournoi-Soft-Volley-Chateau-Gontier-26022026_page-0001-768x1086.jpg 768w, https:\/\/comitevolley53.fr\/wp-content\/uploads\/2026\/01\/fiche-inscription-tournoi-Soft-Volley-Chateau-Gontier-26022026_page-0001-1086x1536.jpg 1086w, https:\/\/comitevolley53.fr\/wp-content\/uploads\/2026\/01\/fiche-inscription-tournoi-Soft-Volley-Chateau-Gontier-26022026_page-0001-600x849.jpg 600w, https:\/\/comitevolley53.fr\/wp-content\/uploads\/2026\/01\/fiche-inscription-tournoi-Soft-Volley-Chateau-Gontier-26022026_page-0001.jpg 1240w\" sizes=\"(max-width: 212px) 100vw, 212px\" \/>\t\t\t\t\t\t\t\t\t\t\t\t\t\t\t<\/div>\n\t\t\t\t<\/div>\n\t\t\t\t\t<\/div>\n\t\t<\/div>\n\t\t\t\t\t<\/div>\n\t\t<\/section>\n\t\t\t\t<section class=\"elementor-section elementor-top-section elementor-element elementor-element-d65bc09 elementor-section-boxed elementor-section-height-default elementor-section-height-default\" data-id=\"d65bc09\" data-element_type=\"section\" data-e-type=\"section\">\n\t\t\t\t\t\t<div class=\"elementor-container elementor-column-gap-default\">\n\t\t\t\t\t<div class=\"elementor-column elementor-col-100 elementor-top-column elementor-element elementor-element-f020596\" data-id=\"f020596\" data-element_type=\"column\" data-e-type=\"column\">\n\t\t\t<div class=\"elementor-widget-wrap\">\n\t\t\t\t\t\t\t<\/div>\n\t\t<\/div>\n\t\t\t\t\t<\/div>\n\t\t<\/section>\n\t\t\t\t<\/div>\n\t\t","protected":false},"excerpt":{"rendered":"<p>Le Comit\u00e9 D\u00e9partemental de Volley de la Mayenne et le Club de Volley de Ch\u00e2teau-Gontier ont le plaisir de vous inviter \u00e0 participer \u00e0 un tournoi de\u00a0Soft Volley, une occasion [&hellip;]<\/p>\n","protected":false},"author":1,"featured_media":0,"parent":360,"menu_order":0,"comment_status":"closed","ping_status":"closed","template":"","meta":{"footnotes":""},"class_list":["post-3802","page","type-page","status-publish","hentry"],"_links":{"self":[{"href":"https:\/\/comitevolley53.fr\/index.php\/wp-json\/wp\/v2\/pages\/3802","targetHints":{"allow":["GET"]}}],"collection":[{"href":"https:\/\/comitevolley53.fr\/index.php\/wp-json\/wp\/v2\/pages"}],"about":[{"href":"https:\/\/comitevolley53.fr\/index.php\/wp-json\/wp\/v2\/types\/page"}],"author":[{"embeddable":true,"href":"https:\/\/comitevolley53.fr\/index.php\/wp-json\/wp\/v2\/users\/1"}],"replies":[{"embeddable":true,"href":"https:\/\/comitevolley53.fr\/index.php\/wp-json\/wp\/v2\/comments?post=3802"}],"version-history":[{"count":7,"href":"https:\/\/comitevolley53.fr\/index.php\/wp-json\/wp\/v2\/pages\/3802\/revisions"}],"predecessor-version":[{"id":3821,"href":"https:\/\/comitevolley53.fr\/index.php\/wp-json\/wp\/v2\/pages\/3802\/revisions\/3821"}],"up":[{"embeddable":true,"href":"https:\/\/comitevolley53.fr\/index.php\/wp-json\/wp\/v2\/pages\/360"}],"wp:attachment":[{"href":"https:\/\/comitevolley53.fr\/index.php\/wp-json\/wp\/v2\/media?parent=3802"}],"curies":[{"name":"wp","href":"https:\/\/api.w.org\/{rel}","templated":true}]}}