{"id":475,"date":"2019-05-09T09:56:26","date_gmt":"2019-05-09T07:56:26","guid":{"rendered":"http:\/\/comitevolley53.fr\/wp\/?page_id=475"},"modified":"2019-11-25T10:19:25","modified_gmt":"2019-11-25T09:19:25","slug":"les-clubs","status":"publish","type":"page","link":"https:\/\/comitevolley53.fr\/index.php\/les-clubs\/","title":{"rendered":"Les clubs"},"content":{"rendered":"\t\t<div data-elementor-type=\"wp-post\" data-elementor-id=\"475\" class=\"elementor elementor-475\">\n\t\t\t\t\t\t<section class=\"elementor-section elementor-top-section elementor-element elementor-element-25494f2 elementor-section-boxed elementor-section-height-default elementor-section-height-default\" data-id=\"25494f2\" data-element_type=\"section\" data-e-type=\"section\">\n\t\t\t\t\t\t<div class=\"elementor-container elementor-column-gap-default\">\n\t\t\t\t\t<div class=\"elementor-column elementor-col-50 elementor-top-column elementor-element elementor-element-0cc0d14\" data-id=\"0cc0d14\" data-element_type=\"column\" data-e-type=\"column\">\n\t\t\t<div class=\"elementor-widget-wrap elementor-element-populated\">\n\t\t\t\t\t\t<div class=\"elementor-element elementor-element-d1f392d elementor-widget elementor-widget-text-editor\" data-id=\"d1f392d\" data-element_type=\"widget\" data-e-type=\"widget\" data-widget_type=\"text-editor.default\">\n\t\t\t\t<div class=\"elementor-widget-container\">\n\t\t\t\t\t\t\t\t\t<p>\u2192<strong> Association Sportive AMBRIERES<\/strong><\/p><p><strong>Pr\u00e9sident : <\/strong>COURTOIS Fran\u00e7ois<\/p><p><em>Contact<\/em>\u00a0: 06.31.78.81.60<br \/><a href=\"mailto:frandan.courtois@orange.fr\" target=\"_blank\" rel=\"noopener\">Courtois Fran\u00e7ois<\/a><\/p><p>\u2192<strong> Amicale La\u00efque\u00a0 d&rsquo;ANDOUILLE<\/strong><\/p><p><strong>Pr\u00e9sident : <\/strong>JOUSSE J\u00e9r\u00e9mie<\/p><p><em>Contact<\/em> : 06.81.08.66.68<br \/><a href=\"mailto:jeremie.charlene@hotmail.fr\" target=\"_blank\" rel=\"noopener\">Jousse J\u00e9r\u00e9mie<\/a><\/p><p>\u2192<strong> BRECE Sports Volley<\/strong><\/p><p><strong>Pr\u00e9sident : <\/strong>HELLOUIN Annie<\/p><p><em>Contact<\/em>\u00a0: 02.43.08.68.93<br \/><a href=\"mailto:any.hellouin@gmail.com\" target=\"_blank\" rel=\"noopener\">Hellouin Annie<\/a><\/p><p>\u2192<strong> Association CHATEAU GONTIER VOLLEY BALL<\/strong><\/p><p><strong>Pr\u00e9sident : <\/strong>PRODAULT Olivier<\/p><p><em>Contact<\/em> : 06.86.44.03.73<br \/><a href=\"mailto:acgvb53200@gmail.com\" target=\"_blank\" rel=\"noopener\">ACGVB<\/a><\/p><p><strong>\u2192 <a href=\"http:\/\/club.quomodo.com\/volleyballhuisserie\" target=\"_blank\" rel=\"noopener\">Association Sportive L&rsquo;HUISSERIE<\/a><\/strong><\/p><p><strong>Pr\u00e9sident : <\/strong>GALIER St\u00e9phane<\/p><p>Contact : 06.62.32.37.36 <br \/><a href=\"mailto:amstep@hotmail.fr\" target=\"_blank\" rel=\"noopener\">Galier St\u00e9phane<\/a><\/p>\t\t\t\t\t\t\t\t<\/div>\n\t\t\t\t<\/div>\n\t\t\t\t\t<\/div>\n\t\t<\/div>\n\t\t\t\t<div class=\"elementor-column elementor-col-50 elementor-top-column elementor-element elementor-element-ea5e364\" data-id=\"ea5e364\" data-element_type=\"column\" data-e-type=\"column\">\n\t\t\t<div class=\"elementor-widget-wrap elementor-element-populated\">\n\t\t\t\t\t\t<div class=\"elementor-element elementor-element-e9ff655 elementor-widget elementor-widget-text-editor\" data-id=\"e9ff655\" data-element_type=\"widget\" data-e-type=\"widget\" data-widget_type=\"text-editor.default\">\n\t\t\t\t<div class=\"elementor-widget-container\">\n\t\t\t\t\t\t\t\t\t<p><strong>\u2192 Entente Sportive CRAON<\/strong><\/p><p><strong>Pr\u00e9sident : <\/strong>CLEMENT Jocelyn<\/p><p>Contact\u00a0: 06.06.60.75.15 <br \/><a href=\"mailto:sjclement53@gmail.com\" target=\"_blank\" rel=\"noopener\">Cl\u00e9ment Jocelyn<\/a><\/p><p><strong>\u2192 <a href=\"http:\/\/entrammes-volley-ball.asso-web.com\" target=\"_blank\" rel=\"noopener\">ENTRAMMES Volleyball<\/a><\/strong><\/p><p><strong>Pr\u00e9sident : <\/strong>REMON Thierry<\/p><p>Contact\u00a0: 06.89.70.84.27<br \/><a href=\"mailto:thierryremon@sfr.fr\" target=\"_blank\" rel=\"noopener\">Remon Thierry<\/a><u><\/u><\/p><p><strong>\u2192 Club Athl\u00e9tique EVRON<\/strong><\/p><p><strong>Pr\u00e9sident : <\/strong>GUILLIER Marie-Anne<\/p><p>Contact : 06.34.08.80.38<br \/><a href=\"mailto:mjmoulin@orange.fr\" target=\"_blank\" rel=\"noopener\">Guillier Marie-Anne<\/a><\/p><p><strong>\u2192 <a href=\"http:\/\/laval-volley-ball.asptt.com\/\" target=\"_blank\" rel=\"noopener\">ASPTT Laval<\/a><br \/><\/strong><\/p><p><strong>Pr\u00e9sident : <\/strong>CAGNART S\u00e9bastien<\/p><p>Contact\u00a0: 06.70.77.66.57<br \/><a href=\"mailto:sebcagnart@hotmail.com\" target=\"_blank\" rel=\"noopener\">Cagnart S\u00e9bastien<\/a><\/p><p><strong>\u2192<a href=\"http:\/\/www.etoilesportivelavalloise.com\/\" target=\"_blank\" rel=\"noopener\">Etoile Sportive LAVAL<\/a><br \/><\/strong><\/p><p><strong>Pr\u00e9sident : <\/strong>PLANCHARD Jo\u00ebl<\/p><p>Contact\u00a0: 07.81.22.72.03 <br \/><a href=\"mailto:joeemi@orange.fr\" target=\"_blank\" rel=\"noopener\">Planchard Jo\u00ebl<\/a><\/p><p><em>\u00a0<\/em><strong>\u2192 Etincelle MAYENNE<\/strong><\/p><p><strong>Pr\u00e9sident : <\/strong>SOUTIF Marie-No\u00eblle<\/p><p>Contact\u00a0: 02.43.04.40.12<\/p><p><em>\u00a0<\/em><\/p>\t\t\t\t\t\t\t\t<\/div>\n\t\t\t\t<\/div>\n\t\t\t\t\t<\/div>\n\t\t<\/div>\n\t\t\t\t\t<\/div>\n\t\t<\/section>\n\t\t\t\t<\/div>\n\t\t","protected":false},"excerpt":{"rendered":"<p>\u2192 Association Sportive AMBRIERES Pr\u00e9sident : COURTOIS Fran\u00e7ois Contact\u00a0: 06.31.78.81.60Courtois Fran\u00e7ois \u2192 Amicale La\u00efque\u00a0 d&rsquo;ANDOUILLE Pr\u00e9sident : JOUSSE J\u00e9r\u00e9mie Contact : 06.81.08.66.68Jousse J\u00e9r\u00e9mie \u2192 BRECE Sports Volley Pr\u00e9sident : HELLOUIN [&hellip;]<\/p>\n","protected":false},"author":1,"featured_media":0,"parent":0,"menu_order":0,"comment_status":"closed","ping_status":"closed","template":"","meta":{"footnotes":""},"class_list":["post-475","page","type-page","status-publish","hentry"],"_links":{"self":[{"href":"https:\/\/comitevolley53.fr\/index.php\/wp-json\/wp\/v2\/pages\/475","targetHints":{"allow":["GET"]}}],"collection":[{"href":"https:\/\/comitevolley53.fr\/index.php\/wp-json\/wp\/v2\/pages"}],"about":[{"href":"https:\/\/comitevolley53.fr\/index.php\/wp-json\/wp\/v2\/types\/page"}],"author":[{"embeddable":true,"href":"https:\/\/comitevolley53.fr\/index.php\/wp-json\/wp\/v2\/users\/1"}],"replies":[{"embeddable":true,"href":"https:\/\/comitevolley53.fr\/index.php\/wp-json\/wp\/v2\/comments?post=475"}],"version-history":[{"count":17,"href":"https:\/\/comitevolley53.fr\/index.php\/wp-json\/wp\/v2\/pages\/475\/revisions"}],"predecessor-version":[{"id":1217,"href":"https:\/\/comitevolley53.fr\/index.php\/wp-json\/wp\/v2\/pages\/475\/revisions\/1217"}],"wp:attachment":[{"href":"https:\/\/comitevolley53.fr\/index.php\/wp-json\/wp\/v2\/media?parent=475"}],"curies":[{"name":"wp","href":"https:\/\/api.w.org\/{rel}","templated":true}]}}