{"id":625,"date":"2019-05-28T16:26:34","date_gmt":"2019-05-28T14:26:34","guid":{"rendered":"http:\/\/comitevolley53.fr\/wp\/?page_id=625"},"modified":"2019-06-18T10:07:02","modified_gmt":"2019-06-18T08:07:02","slug":"mini-volleyades","status":"publish","type":"page","link":"https:\/\/comitevolley53.fr\/index.php\/mini-volleyades\/","title":{"rendered":"Mini volleyades"},"content":{"rendered":"\t\t<div data-elementor-type=\"wp-post\" data-elementor-id=\"625\" class=\"elementor elementor-625\">\n\t\t\t\t\t\t<section class=\"elementor-section elementor-top-section elementor-element elementor-element-584b025 elementor-section-boxed elementor-section-height-default elementor-section-height-default\" data-id=\"584b025\" data-element_type=\"section\" data-e-type=\"section\">\n\t\t\t\t\t\t<div class=\"elementor-container elementor-column-gap-default\">\n\t\t\t\t\t<div class=\"elementor-column elementor-col-50 elementor-top-column elementor-element elementor-element-bbfe640\" data-id=\"bbfe640\" data-element_type=\"column\" data-e-type=\"column\">\n\t\t\t<div class=\"elementor-widget-wrap elementor-element-populated\">\n\t\t\t\t\t\t<div class=\"elementor-element elementor-element-8e5d438 elementor-widget elementor-widget-text-editor\" data-id=\"8e5d438\" data-element_type=\"widget\" data-e-type=\"widget\" data-widget_type=\"text-editor.default\">\n\t\t\t\t<div class=\"elementor-widget-container\">\n\t\t\t\t\t\t\t\t\t<p>\u2192La photo de l&rsquo;\u00e9quipe fille qualifi\u00e9e <\/p><p>\u2192Le road book de la comp\u00e9tition<\/p>\t\t\t\t\t\t\t\t<\/div>\n\t\t\t\t<\/div>\n\t\t\t\t\t<\/div>\n\t\t<\/div>\n\t\t\t\t<div class=\"elementor-column elementor-col-50 elementor-top-column elementor-element elementor-element-160e77b\" data-id=\"160e77b\" data-element_type=\"column\" data-e-type=\"column\">\n\t\t\t<div class=\"elementor-widget-wrap elementor-element-populated\">\n\t\t\t\t\t\t<section class=\"elementor-section elementor-inner-section elementor-element elementor-element-6c0d7ca elementor-section-boxed elementor-section-height-default elementor-section-height-default\" data-id=\"6c0d7ca\" data-element_type=\"section\" data-e-type=\"section\">\n\t\t\t\t\t\t<div class=\"elementor-container elementor-column-gap-default\">\n\t\t\t\t\t<div class=\"elementor-column elementor-col-50 elementor-inner-column elementor-element elementor-element-a0394b7\" data-id=\"a0394b7\" data-element_type=\"column\" data-e-type=\"column\">\n\t\t\t<div class=\"elementor-widget-wrap elementor-element-populated\">\n\t\t\t\t\t\t<div class=\"elementor-element elementor-element-aa137bd elementor-widget elementor-widget-image\" data-id=\"aa137bd\" data-element_type=\"widget\" data-e-type=\"widget\" data-widget_type=\"image.default\">\n\t\t\t\t<div class=\"elementor-widget-container\">\n\t\t\t\t\t\t\t\t\t\t\t\t\t\t\t<img fetchpriority=\"high\" decoding=\"async\" width=\"640\" height=\"409\" src=\"https:\/\/comitevolley53.fr\/wp-content\/uploads\/2019\/05\/IMG_20190520_141846-1-1024x654.jpg\" class=\"attachment-large size-large wp-image-626\" alt=\"\" srcset=\"https:\/\/comitevolley53.fr\/wp-content\/uploads\/2019\/05\/IMG_20190520_141846-1-1024x654.jpg 1024w, https:\/\/comitevolley53.fr\/wp-content\/uploads\/2019\/05\/IMG_20190520_141846-1-600x383.jpg 600w, https:\/\/comitevolley53.fr\/wp-content\/uploads\/2019\/05\/IMG_20190520_141846-1-300x192.jpg 300w, https:\/\/comitevolley53.fr\/wp-content\/uploads\/2019\/05\/IMG_20190520_141846-1-768x491.jpg 768w\" sizes=\"(max-width: 640px) 100vw, 640px\" \/>\t\t\t\t\t\t\t\t\t\t\t\t\t\t\t<\/div>\n\t\t\t\t<\/div>\n\t\t\t\t\t<\/div>\n\t\t<\/div>\n\t\t\t\t<div class=\"elementor-column elementor-col-50 elementor-inner-column elementor-element elementor-element-9f83478\" data-id=\"9f83478\" data-element_type=\"column\" data-e-type=\"column\">\n\t\t\t<div class=\"elementor-widget-wrap elementor-element-populated\">\n\t\t\t\t\t\t<div class=\"elementor-element elementor-element-deb9afe elementor-widget elementor-widget-text-editor\" data-id=\"deb9afe\" data-element_type=\"widget\" data-e-type=\"widget\" data-widget_type=\"text-editor.default\">\n\t\t\t\t<div class=\"elementor-widget-container\">\n\t\t\t\t\t\t\t\t\t<h3><a href=\"https:\/\/volleypaysdevitre.fr\/volleyadesm13\/\" target=\"_blank\" rel=\"noopener\">Road book M13<\/a><\/h3>\t\t\t\t\t\t\t\t<\/div>\n\t\t\t\t<\/div>\n\t\t\t\t\t<\/div>\n\t\t<\/div>\n\t\t\t\t\t<\/div>\n\t\t<\/section>\n\t\t\t\t\t<\/div>\n\t\t<\/div>\n\t\t\t\t\t<\/div>\n\t\t<\/section>\n\t\t\t\t<section class=\"elementor-section elementor-top-section elementor-element elementor-element-7d4adde elementor-section-boxed elementor-section-height-default elementor-section-height-default\" data-id=\"7d4adde\" data-element_type=\"section\" data-e-type=\"section\">\n\t\t\t\t\t\t<div class=\"elementor-container elementor-column-gap-default\">\n\t\t\t\t\t<div class=\"elementor-column elementor-col-100 elementor-top-column elementor-element elementor-element-922328d\" data-id=\"922328d\" data-element_type=\"column\" data-e-type=\"column\">\n\t\t\t<div class=\"elementor-widget-wrap elementor-element-populated\">\n\t\t\t\t\t\t<div class=\"elementor-element elementor-element-daba474 elementor-widget elementor-widget-spacer\" data-id=\"daba474\" data-element_type=\"widget\" data-e-type=\"widget\" data-widget_type=\"spacer.default\">\n\t\t\t\t<div class=\"elementor-widget-container\">\n\t\t\t\t\t\t\t<div class=\"elementor-spacer\">\n\t\t\t<div class=\"elementor-spacer-inner\"><\/div>\n\t\t<\/div>\n\t\t\t\t\t\t<\/div>\n\t\t\t\t<\/div>\n\t\t\t\t<div class=\"elementor-element elementor-element-d850b58 elementor-widget elementor-widget-heading\" data-id=\"d850b58\" data-element_type=\"widget\" data-e-type=\"widget\" data-widget_type=\"heading.default\">\n\t\t\t\t<div class=\"elementor-widget-container\">\n\t\t\t\t\t<h2 class=\"elementor-heading-title elementor-size-small\">Le d\u00e9roul\u00e9 de la comp\u00e9tition : <\/h2>\t\t\t\t<\/div>\n\t\t\t\t<\/div>\n\t\t\t\t\t<\/div>\n\t\t<\/div>\n\t\t\t\t\t<\/div>\n\t\t<\/section>\n\t\t\t\t<section class=\"elementor-section elementor-top-section elementor-element elementor-element-4b1dd5c elementor-section-boxed elementor-section-height-default elementor-section-height-default\" data-id=\"4b1dd5c\" data-element_type=\"section\" data-e-type=\"section\">\n\t\t\t\t\t\t<div class=\"elementor-container elementor-column-gap-default\">\n\t\t\t\t\t<div class=\"elementor-column elementor-col-100 elementor-top-column elementor-element elementor-element-89bc1f4\" data-id=\"89bc1f4\" data-element_type=\"column\" data-e-type=\"column\">\n\t\t\t<div class=\"elementor-widget-wrap elementor-element-populated\">\n\t\t\t\t\t\t<div class=\"elementor-element elementor-element-514f2cc elementor-widget elementor-widget-text-editor\" data-id=\"514f2cc\" data-element_type=\"widget\" data-e-type=\"widget\" data-widget_type=\"text-editor.default\">\n\t\t\t\t<div class=\"elementor-widget-container\">\n\t\t\t\t\t\t\t\t\t<p>L&rsquo;\u00e9quipe des M12 filles du 53 ont d\u00e9but\u00e9 la comp\u00e9tition dans une poule de 4 (La R\u00e9union, L&rsquo;ille et Vilaine, la\u00a0Sa\u00f4ne\u00a0\u00a0et Loire et la Mayenne). Malgr\u00e9 une victoire contre la Sa\u00f4ne et Loire, l&rsquo;\u00e9quipe Mayennaise se trouve dans la partie basse de la comp\u00e9tition, c&rsquo;est-\u00e0-dire pour les places 17 \u00e0 26.<\/p><p>Le 2\u00e8me jour de comp\u00e9tition f\u00fbt un peu difficile. Mais en fin de journ\u00e9e les filles ont su se ressaisir et gagner leur match contre la Manche 2\/0!<\/p><p>Le lendemain elles ont jou\u00e9 leur match de classement pour les places 23\/24 : match perdu 2\/1 et 15\/13 au tie break&#8230; Dommage car elles m\u00e9ritaient cette victoire. L&rsquo;\u00e9quipe termine 24\u00e8me sur 26 \u00e9quipes.<\/p><p>Malgr\u00e9 ce classement les filles ont accompli le travail et ont v\u00e9cu une exp\u00e9rience unique. Bravo \u00e0 elles!<\/p><h4>Voir les photos : <strong><a href=\"https:\/\/photos.app.goo.gl\/Nbh65RdTAyszYugL7\">Les photos des mini-volleyades<\/a><\/strong><\/h4>\t\t\t\t\t\t\t\t<\/div>\n\t\t\t\t<\/div>\n\t\t\t\t\t<\/div>\n\t\t<\/div>\n\t\t\t\t\t<\/div>\n\t\t<\/section>\n\t\t\t\t<\/div>\n\t\t","protected":false},"excerpt":{"rendered":"<p>\u2192La photo de l&rsquo;\u00e9quipe fille qualifi\u00e9e \u2192Le road book de la comp\u00e9tition Road book M13 Le d\u00e9roul\u00e9 de la comp\u00e9tition : L&rsquo;\u00e9quipe des M12 filles du 53 ont d\u00e9but\u00e9 la [&hellip;]<\/p>\n","protected":false},"author":1,"featured_media":0,"parent":0,"menu_order":0,"comment_status":"closed","ping_status":"closed","template":"","meta":{"footnotes":""},"class_list":["post-625","page","type-page","status-publish","hentry"],"_links":{"self":[{"href":"https:\/\/comitevolley53.fr\/index.php\/wp-json\/wp\/v2\/pages\/625","targetHints":{"allow":["GET"]}}],"collection":[{"href":"https:\/\/comitevolley53.fr\/index.php\/wp-json\/wp\/v2\/pages"}],"about":[{"href":"https:\/\/comitevolley53.fr\/index.php\/wp-json\/wp\/v2\/types\/page"}],"author":[{"embeddable":true,"href":"https:\/\/comitevolley53.fr\/index.php\/wp-json\/wp\/v2\/users\/1"}],"replies":[{"embeddable":true,"href":"https:\/\/comitevolley53.fr\/index.php\/wp-json\/wp\/v2\/comments?post=625"}],"version-history":[{"count":8,"href":"https:\/\/comitevolley53.fr\/index.php\/wp-json\/wp\/v2\/pages\/625\/revisions"}],"predecessor-version":[{"id":745,"href":"https:\/\/comitevolley53.fr\/index.php\/wp-json\/wp\/v2\/pages\/625\/revisions\/745"}],"wp:attachment":[{"href":"https:\/\/comitevolley53.fr\/index.php\/wp-json\/wp\/v2\/media?parent=625"}],"curies":[{"name":"wp","href":"https:\/\/api.w.org\/{rel}","templated":true}]}}