{"id":74,"date":"2019-04-02T10:46:44","date_gmt":"2019-04-02T08:46:44","guid":{"rendered":"http:\/\/comitevolley53.fr\/wp\/?page_id=74"},"modified":"2019-07-13T17:16:02","modified_gmt":"2019-07-13T15:16:02","slug":"evenements","status":"publish","type":"page","link":"https:\/\/comitevolley53.fr\/index.php\/evenements\/","title":{"rendered":"Ev\u00e9nements"},"content":{"rendered":"\t\t<div data-elementor-type=\"wp-post\" data-elementor-id=\"74\" class=\"elementor elementor-74\">\n\t\t\t\t\t\t<section class=\"elementor-section elementor-top-section elementor-element elementor-element-9ae6273 elementor-section-boxed elementor-section-height-default elementor-section-height-default\" data-id=\"9ae6273\" data-element_type=\"section\" data-e-type=\"section\">\n\t\t\t\t\t\t<div class=\"elementor-container elementor-column-gap-default\">\n\t\t\t\t\t<div class=\"elementor-column elementor-col-50 elementor-top-column elementor-element elementor-element-c750dce\" data-id=\"c750dce\" data-element_type=\"column\" data-e-type=\"column\">\n\t\t\t<div class=\"elementor-widget-wrap elementor-element-populated\">\n\t\t\t\t\t\t<div class=\"elementor-element elementor-element-d08db25 elementor-widget elementor-widget-text-editor\" data-id=\"d08db25\" data-element_type=\"widget\" data-e-type=\"widget\" data-widget_type=\"text-editor.default\">\n\t\t\t\t<div class=\"elementor-widget-container\">\n\t\t\t\t\t\t\t\t\t<h5><strong>Le comit\u00e9 volleyball 53 se mobilise pour<\/strong><\/h5><h5><strong> l&rsquo;\u00e9v\u00e9nement <\/strong><strong>de l&rsquo;Euro 2019 en FRANCE, <\/strong><\/h5><h5><strong>par le biais d\u2019un d\u00e9placement \u00e0 NANTES pour les 1\/8\u00e8mes de finale.<\/strong><\/h5><p><em>Pour plus d&rsquo;information cliquez sur les 2 liens ci-dessous.<\/em><\/p><h4><strong><a href=\"http:\/\/comitevolley53.fr\/wp-content\/uploads\/2019\/04\/courrier-Euro-2019-Vers-444.pdf\">Euro 2019 <\/a><\/strong><\/h4><h5>Tu veux gagner des places ?\u00a0<a href=\"http:\/\/comitevolley53.fr\/wp-content\/uploads\/2019\/04\/R\u00e8glement-concours-53-Euro-2019444.pdf\"><strong>Concours\u00a0 Euro 2019<\/strong><\/a><\/h5>\t\t\t\t\t\t\t\t<\/div>\n\t\t\t\t<\/div>\n\t\t\t\t\t<\/div>\n\t\t<\/div>\n\t\t\t\t<div class=\"elementor-column elementor-col-25 elementor-top-column elementor-element elementor-element-60d874c\" data-id=\"60d874c\" data-element_type=\"column\" data-e-type=\"column\">\n\t\t\t<div class=\"elementor-widget-wrap elementor-element-populated\">\n\t\t\t\t\t\t<div class=\"elementor-element elementor-element-f643cd3 elementor-widget elementor-widget-image\" data-id=\"f643cd3\" data-element_type=\"widget\" data-e-type=\"widget\" data-widget_type=\"image.default\">\n\t\t\t\t<div class=\"elementor-widget-container\">\n\t\t\t\t\t\t\t\t\t\t\t\t\t\t\t<img fetchpriority=\"high\" decoding=\"async\" width=\"640\" height=\"477\" src=\"https:\/\/comitevolley53.fr\/wp-content\/uploads\/2019\/04\/flyer-euro-4.png\" class=\"attachment-large size-large wp-image-243\" alt=\"\" srcset=\"https:\/\/comitevolley53.fr\/wp-content\/uploads\/2019\/04\/flyer-euro-4.png 791w, https:\/\/comitevolley53.fr\/wp-content\/uploads\/2019\/04\/flyer-euro-4-600x448.png 600w, https:\/\/comitevolley53.fr\/wp-content\/uploads\/2019\/04\/flyer-euro-4-300x224.png 300w, https:\/\/comitevolley53.fr\/wp-content\/uploads\/2019\/04\/flyer-euro-4-768x573.png 768w\" sizes=\"(max-width: 640px) 100vw, 640px\" \/>\t\t\t\t\t\t\t\t\t\t\t\t\t\t\t<\/div>\n\t\t\t\t<\/div>\n\t\t\t\t\t<\/div>\n\t\t<\/div>\n\t\t\t\t<div class=\"elementor-column elementor-col-25 elementor-top-column elementor-element elementor-element-1e7314f\" data-id=\"1e7314f\" data-element_type=\"column\" data-e-type=\"column\">\n\t\t\t<div class=\"elementor-widget-wrap elementor-element-populated\">\n\t\t\t\t\t\t<div class=\"elementor-element elementor-element-2c7340b elementor-widget elementor-widget-image\" data-id=\"2c7340b\" data-element_type=\"widget\" data-e-type=\"widget\" data-widget_type=\"image.default\">\n\t\t\t\t<div class=\"elementor-widget-container\">\n\t\t\t\t\t\t\t\t\t\t\t\t\t\t\t<img decoding=\"async\" width=\"150\" height=\"150\" src=\"https:\/\/comitevolley53.fr\/wp-content\/uploads\/2019\/03\/CEV_EUROVOLLEY_DIGITAL_FORMAT_CARRE_2048x2048px_NANTES_VC-150x150.jpg\" class=\"attachment-thumbnail size-thumbnail wp-image-9\" alt=\"\" srcset=\"https:\/\/comitevolley53.fr\/wp-content\/uploads\/2019\/03\/CEV_EUROVOLLEY_DIGITAL_FORMAT_CARRE_2048x2048px_NANTES_VC-150x150.jpg 150w, https:\/\/comitevolley53.fr\/wp-content\/uploads\/2019\/03\/CEV_EUROVOLLEY_DIGITAL_FORMAT_CARRE_2048x2048px_NANTES_VC-300x300.jpg 300w, https:\/\/comitevolley53.fr\/wp-content\/uploads\/2019\/03\/CEV_EUROVOLLEY_DIGITAL_FORMAT_CARRE_2048x2048px_NANTES_VC-100x100.jpg 100w, https:\/\/comitevolley53.fr\/wp-content\/uploads\/2019\/03\/CEV_EUROVOLLEY_DIGITAL_FORMAT_CARRE_2048x2048px_NANTES_VC-600x600.jpg 600w, https:\/\/comitevolley53.fr\/wp-content\/uploads\/2019\/03\/CEV_EUROVOLLEY_DIGITAL_FORMAT_CARRE_2048x2048px_NANTES_VC-768x768.jpg 768w, https:\/\/comitevolley53.fr\/wp-content\/uploads\/2019\/03\/CEV_EUROVOLLEY_DIGITAL_FORMAT_CARRE_2048x2048px_NANTES_VC-1024x1024.jpg 1024w, https:\/\/comitevolley53.fr\/wp-content\/uploads\/2019\/03\/CEV_EUROVOLLEY_DIGITAL_FORMAT_CARRE_2048x2048px_NANTES_VC-1568x1568.jpg 1568w, https:\/\/comitevolley53.fr\/wp-content\/uploads\/2019\/03\/CEV_EUROVOLLEY_DIGITAL_FORMAT_CARRE_2048x2048px_NANTES_VC.jpg 2048w\" sizes=\"(max-width: 150px) 100vw, 150px\" \/>\t\t\t\t\t\t\t\t\t\t\t\t\t\t\t<\/div>\n\t\t\t\t<\/div>\n\t\t\t\t\t<\/div>\n\t\t<\/div>\n\t\t\t\t\t<\/div>\n\t\t<\/section>\n\t\t\t\t<section class=\"elementor-section elementor-top-section elementor-element elementor-element-1bd1bc3 elementor-section-boxed elementor-section-height-default elementor-section-height-default\" data-id=\"1bd1bc3\" data-element_type=\"section\" data-e-type=\"section\">\n\t\t\t\t\t\t<div class=\"elementor-container elementor-column-gap-default\">\n\t\t\t\t\t<div class=\"elementor-column elementor-col-100 elementor-top-column elementor-element elementor-element-f126843\" data-id=\"f126843\" data-element_type=\"column\" data-e-type=\"column\">\n\t\t\t<div class=\"elementor-widget-wrap elementor-element-populated\">\n\t\t\t\t\t\t<div class=\"elementor-element elementor-element-3acb0f8 elementor-widget elementor-widget-text-editor\" data-id=\"3acb0f8\" data-element_type=\"widget\" data-e-type=\"widget\" data-widget_type=\"text-editor.default\">\n\t\t\t\t<div class=\"elementor-widget-container\">\n\t\t\t\t\t\t\t\t\t<h4><strong>Tr\u00e8s bon succ\u00e9s !<\/strong><\/h4><h4><strong>Mise \u00e0 jours 28\/05\/2019 : 118 INSCRITS, 2 cars r\u00e9serv\u00e9.\u00a0\u00a0 <\/strong><\/h4><h4><strong>ALLEZ LA FRANCE!<\/strong><\/h4>\t\t\t\t\t\t\t\t<\/div>\n\t\t\t\t<\/div>\n\t\t\t\t\t<\/div>\n\t\t<\/div>\n\t\t\t\t\t<\/div>\n\t\t<\/section>\n\t\t\t\t<\/div>\n\t\t","protected":false},"excerpt":{"rendered":"<p>Le comit\u00e9 volleyball 53 se mobilise pour l&rsquo;\u00e9v\u00e9nement de l&rsquo;Euro 2019 en FRANCE, par le biais d\u2019un d\u00e9placement \u00e0 NANTES pour les 1\/8\u00e8mes de finale. Pour plus d&rsquo;information cliquez sur [&hellip;]<\/p>\n","protected":false},"author":1,"featured_media":0,"parent":0,"menu_order":0,"comment_status":"closed","ping_status":"closed","template":"","meta":{"footnotes":""},"class_list":["post-74","page","type-page","status-publish","hentry"],"_links":{"self":[{"href":"https:\/\/comitevolley53.fr\/index.php\/wp-json\/wp\/v2\/pages\/74","targetHints":{"allow":["GET"]}}],"collection":[{"href":"https:\/\/comitevolley53.fr\/index.php\/wp-json\/wp\/v2\/pages"}],"about":[{"href":"https:\/\/comitevolley53.fr\/index.php\/wp-json\/wp\/v2\/types\/page"}],"author":[{"embeddable":true,"href":"https:\/\/comitevolley53.fr\/index.php\/wp-json\/wp\/v2\/users\/1"}],"replies":[{"embeddable":true,"href":"https:\/\/comitevolley53.fr\/index.php\/wp-json\/wp\/v2\/comments?post=74"}],"version-history":[{"count":7,"href":"https:\/\/comitevolley53.fr\/index.php\/wp-json\/wp\/v2\/pages\/74\/revisions"}],"predecessor-version":[{"id":877,"href":"https:\/\/comitevolley53.fr\/index.php\/wp-json\/wp\/v2\/pages\/74\/revisions\/877"}],"wp:attachment":[{"href":"https:\/\/comitevolley53.fr\/index.php\/wp-json\/wp\/v2\/media?parent=74"}],"curies":[{"name":"wp","href":"https:\/\/api.w.org\/{rel}","templated":true}]}}